{"id":127,"date":"2024-06-21T16:12:14","date_gmt":"2024-06-21T16:12:14","guid":{"rendered":"https:\/\/www.fotoseminario.net\/1sem\/?page_id=127"},"modified":"2025-06-20T18:33:02","modified_gmt":"2025-06-20T18:33:02","slug":"desfragmentaciones","status":"publish","type":"page","link":"https:\/\/www.fotoseminario.net\/1sem\/desfragmentaciones\/","title":{"rendered":"Desfragmentaciones"},"content":{"rendered":"\n<p>Silvia Pi\u00f1era<\/p>\n\n\n\n<p>Ojos, nariz y boca, y entonces se forma una cara. Vemos rostros en las manchas de humedad, en las nubes, en el veteado del piso. Dicen que es una forma de sobrevivencia y de instinto para detectar depredadores, y aunque ya no es algo que necesitamos, esas manchitas a\u00fan saltan en nuestro camino y nos dicen hola y se nos quedan viendo.<\/p>\n\n\n<div class='yrm-content yrm-content-1 yrm-content-hide ' id='yrm-GaRd6' data-id='1' data-show-status='false' data-after-action='' style=\"visibility: hidden;height: 0;\">\n\t\t\t<div id='yrm-inner-content-yrm-GaRd6' class='yrm-inner-content-wrapper yrm-cntent-1'><\/p>\n\n\n\n<p>Luego nos miramos en el espejo: ojos, nariz y boca. Un par de orejas, y las cejas. Tal vez un lunar, alguna arruga, esas cosas que son nuestras caracter\u00edsticas y que el de junto, con sus ojosnarizyboca, no tiene igual. As\u00ed es como nos reconocemos.<\/p>\n\n\n\n<p>Pero, de pronto, hay algo raro: los ojos se ven m\u00e1s peque\u00f1os, la nariz pareciera no estar en el lugar correcto, la boca parece la de otra persona, y aunque nos sabemos en nuestro reflejo, algo ah\u00ed est\u00e1 mal. \u201cMe veo diferente en cada espejo\u201d, me dice una amiga, \u201cno me reconozco en cuesti\u00f3n de horas, es abrumador\u201d. Los dem\u00e1s seguimos viendo sus ojos como siempre, su boca donde debe estar. Tal vez no se refiera \u00fanicamente a su rostro, su dismorfia es corporal, pero yo me la imagino desordenada por dentro y que eso la lleva a no reconocerse. \u00bfPodemos ponerle orden de nuevo a nuestra percepci\u00f3n?<\/p>\n\n\n\n<p>Por ello surge el juego: tomar como modelo un juguete de la infancia y pegarle una fotograf\u00eda de retrato fragmentada en cuadros. Luego desordenar, crear caras deformes que ya no lo son, aunque sigan teniendo los mismos ojos, la misma nariz, la misma boca. \u00bfQu\u00e9 nuevas formas se generan?, \u00bfpodemos encontrar armon\u00eda otros ordenes?, \u00bfes posible a\u00fan reconocer, reconocerse, en ese desorden?<\/p>\n\n\n\n<p>Entonces viene la parte complicada, tratar de ordenar el rostro de nuevo y as\u00ed desfragmentarlo. Algunas veces ser\u00e1 m\u00e1s dif\u00edcil, porque el juguete no permite armar de nuevo el rompecabezas y poner las piezas donde queremos, tenemos que desplazar varias para poner una sola en su lugar y atrevernos a moverla despu\u00e9s para acomodar otra. Hay reglas que no conocemos y nos limitan, pero la soluci\u00f3n es posible, aunque no lleguemos a ella.<\/p>\n\n\n\n<p>Algunas veces habr\u00e1 frustraci\u00f3n, con suerte algunas risas. El final es tambi\u00e9n incierto porque, aunque se espera satisfacci\u00f3n de ser de nuevo esa cara reconocible y nuestra, tal vez las diferentes posibilidades del camino nos ayuden a sabernos cambiantes y a no sentirnos frustrados por ello.<\/p>\n\n\n\n<p><\/div>\n\t\t<\/div><div class='yrm-btn-wrapper yrm-btn-wrapper-1 yrm-more-button-wrapper  '\n\t\tdata-custom-more-class-name='' data-custom-less-class-name=''><span title='Leer m\u00e1s' data-less-title='Esconder texto' data-more-title='Leer m\u00e1s' class='yrm-toggle-expand  yrm-toggle-expand-1 ' data-rel='yrm-GaRd6' data-more='Leer m\u00e1s \u25bc' data-less='Esconder texto \u25b2'><span class='yrm-text-wrapper yrm-text-wrapper-custom-dimensions'><span class=\"yrm-button-text-1 yrm-button-text-span\">Leer m\u00e1s \u25bc<\/span><\/span><\/span><\/div>\n\n\n\n<div style=\"height:100px\" aria-hidden=\"true\" class=\"wp-block-spacer\"><\/div>\n\n\n\n\n\n\n<div style=\"height:100px\" aria-hidden=\"true\" class=\"wp-block-spacer\"><\/div>\n\n\n\n<div style=\"height:68px\" aria-hidden=\"true\" class=\"wp-block-spacer\"><\/div>\n\n\n\n<p><\/p>\n\n\n\n<hr class=\"wp-block-separator has-alpha-channel-opacity\"\/>\n","protected":false},"excerpt":{"rendered":"<p>Silvia Pi\u00f1era Ojos, nariz y boca, y entonces se forma una cara. Vemos rostros en las manchas de humedad, en las nubes, en el veteado del piso. Dicen que es una forma de sobrevivencia y de instinto para detectar depredadores, y aunque ya no es algo que necesitamos, esas manchitas a\u00fan saltan en nuestro camino [&hellip;]<\/p>\n","protected":false},"author":1,"featured_media":130,"parent":0,"menu_order":0,"comment_status":"open","ping_status":"closed","template":"wp-custom-template-plantilla-personalizada","meta":{"footnotes":""},"class_list":["post-127","page","type-page","status-publish","has-post-thumbnail","hentry"],"_links":{"self":[{"href":"https:\/\/www.fotoseminario.net\/1sem\/wp-json\/wp\/v2\/pages\/127","targetHints":{"allow":["GET"]}}],"collection":[{"href":"https:\/\/www.fotoseminario.net\/1sem\/wp-json\/wp\/v2\/pages"}],"about":[{"href":"https:\/\/www.fotoseminario.net\/1sem\/wp-json\/wp\/v2\/types\/page"}],"author":[{"embeddable":true,"href":"https:\/\/www.fotoseminario.net\/1sem\/wp-json\/wp\/v2\/users\/1"}],"replies":[{"embeddable":true,"href":"https:\/\/www.fotoseminario.net\/1sem\/wp-json\/wp\/v2\/comments?post=127"}],"version-history":[{"count":15,"href":"https:\/\/www.fotoseminario.net\/1sem\/wp-json\/wp\/v2\/pages\/127\/revisions"}],"predecessor-version":[{"id":538,"href":"https:\/\/www.fotoseminario.net\/1sem\/wp-json\/wp\/v2\/pages\/127\/revisions\/538"}],"wp:featuredmedia":[{"embeddable":true,"href":"https:\/\/www.fotoseminario.net\/1sem\/wp-json\/wp\/v2\/media\/130"}],"wp:attachment":[{"href":"https:\/\/www.fotoseminario.net\/1sem\/wp-json\/wp\/v2\/media?parent=127"}],"curies":[{"name":"wp","href":"https:\/\/api.w.org\/{rel}","templated":true}]}}