{"id":168,"date":"2024-08-28T00:24:02","date_gmt":"2024-08-28T00:24:02","guid":{"rendered":"https:\/\/www.fotoseminario.net\/1sem\/?page_id=168"},"modified":"2025-10-13T17:44:41","modified_gmt":"2025-10-13T17:44:41","slug":"el-cuerpo","status":"publish","type":"page","link":"https:\/\/www.fotoseminario.net\/1sem\/el-cuerpo\/","title":{"rendered":"EL CUERPO"},"content":{"rendered":"\n<div style=\"height:16px\" aria-hidden=\"true\" class=\"wp-block-spacer\"><\/div>\n\n\n\n<p>Cesar G. Palomino<\/p>\n\n\n\n<p>La representaci\u00f3n del cuerpo se encuentra entre las m\u00e1s tempranas expresiones fotogr\u00e1ficas, siendo el retrato en daguerrotipo y, posteriormente, las cartas de visita, suced\u00e1neos populares de su caracterizaci\u00f3n en dibujo o en pintura. Al tiempo, se fueron suscitando, y se han acumulado, una amplia gama de preocupaciones, intereses e intenciones fotogr\u00e1ficas que han tomado al cuerpo como tema o motivo.<\/p>\n\n\n\n<p><a href=\"https:\/\/www.fotoseminario.net\/1sem\/el-cuerpo-presentacion\/\" data-type=\"page\" data-id=\"464\">Leer la presentaci\u00f3n completa<\/a><\/p>\n\n\n\n<div style=\"height:32px\" aria-hidden=\"true\" class=\"wp-block-spacer\"><\/div>\n\n\n\n<h3 class=\"wp-block-heading\"><em>Los proyectos<\/em><\/h3>\n\n\n\n<div style=\"height:32px\" aria-hidden=\"true\" class=\"wp-block-spacer\"><\/div>\n\n\n\n<div class=\"wp-block-columns is-layout-flex wp-container-core-columns-is-layout-28f84493 wp-block-columns-is-layout-flex\">\n<div class=\"wp-block-column is-layout-flow wp-block-column-is-layout-flow\" style=\"flex-basis:33%\">\n<figure class=\"wp-block-image size-full has-custom-border\"><a href=\"https:\/\/www.fotoseminario.net\/1sem\/parientes-postizos-una-biografia-imprecisa\/\"><img loading=\"lazy\" decoding=\"async\" width=\"830\" height=\"833\" src=\"https:\/\/www.fotoseminario.net\/1sem\/wp-content\/uploads\/2024\/06\/Nestor-intro.jpg\" alt=\"\" class=\"wp-image-12\" style=\"border-radius:150px;aspect-ratio:1;object-fit:cover\" srcset=\"https:\/\/www.fotoseminario.net\/1sem\/wp-content\/uploads\/2024\/06\/Nestor-intro.jpg 830w, https:\/\/www.fotoseminario.net\/1sem\/wp-content\/uploads\/2024\/06\/Nestor-intro-300x300.jpg 300w, https:\/\/www.fotoseminario.net\/1sem\/wp-content\/uploads\/2024\/06\/Nestor-intro-150x150.jpg 150w, https:\/\/www.fotoseminario.net\/1sem\/wp-content\/uploads\/2024\/06\/Nestor-intro-768x771.jpg 768w\" sizes=\"auto, (max-width: 830px) 100vw, 830px\" \/><\/a><\/figure>\n\n\n\n<h4 class=\"wp-block-heading has-text-align-center\"><em><a href=\"https:\/\/www.fotoseminario.net\/1sem\/parientes-postizos-una-biografia-imprecisa\/\" data-type=\"page\" data-id=\"18\">Parientes postizos. Una biograf\u00eda imprecisa<\/a><\/em><\/h4>\n\n\n\n<p class=\"has-text-align-center\"><strong>N\u00e9stor Bravo<\/strong><\/p>\n<\/div>\n\n\n\n<div class=\"wp-block-column is-layout-flow wp-block-column-is-layout-flow\" style=\"flex-basis:33%\">\n<figure class=\"wp-block-image size-large has-custom-border\"><a href=\"https:\/\/www.fotoseminario.net\/1sem\/el-buho-de-minerva\/\"><img loading=\"lazy\" decoding=\"async\" width=\"1024\" height=\"683\" src=\"https:\/\/www.fotoseminario.net\/1sem\/wp-content\/uploads\/2024\/06\/Lourdes_gral_DSCF0523-1024x683.jpg\" alt=\"\" class=\"wp-image-45\" style=\"border-radius:150px;aspect-ratio:1;object-fit:cover\" srcset=\"https:\/\/www.fotoseminario.net\/1sem\/wp-content\/uploads\/2024\/06\/Lourdes_gral_DSCF0523-1024x683.jpg 1024w, https:\/\/www.fotoseminario.net\/1sem\/wp-content\/uploads\/2024\/06\/Lourdes_gral_DSCF0523-300x200.jpg 300w, https:\/\/www.fotoseminario.net\/1sem\/wp-content\/uploads\/2024\/06\/Lourdes_gral_DSCF0523-768x512.jpg 768w, https:\/\/www.fotoseminario.net\/1sem\/wp-content\/uploads\/2024\/06\/Lourdes_gral_DSCF0523-1536x1024.jpg 1536w, https:\/\/www.fotoseminario.net\/1sem\/wp-content\/uploads\/2024\/06\/Lourdes_gral_DSCF0523-2048x1365.jpg 2048w\" sizes=\"auto, (max-width: 1024px) 100vw, 1024px\" \/><\/a><\/figure>\n\n\n\n<h4 class=\"wp-block-heading has-text-align-center\"><em><a href=\"https:\/\/www.fotoseminario.net\/1sem\/parientes-postizos-una-biografia-imprecisa\/\" data-type=\"page\" data-id=\"18\"><em><\/em><\/a><em><a href=\"https:\/\/www.fotoseminario.net\/1sem\/el-buho-de-minerva\/\" data-type=\"page\" data-id=\"41\">El B\u00faho de Minerva<\/a><\/em><\/em><\/h4>\n\n\n\n<p class=\"has-text-align-center\"><strong>Lourdes Corzo Valdez<\/strong><\/p>\n<\/div>\n\n\n\n<div class=\"wp-block-column is-layout-flow wp-block-column-is-layout-flow\" style=\"flex-basis:33%\">\n<figure class=\"wp-block-image size-large has-custom-border\"><a href=\"https:\/\/www.fotoseminario.net\/1sem\/quien-es-emilio-yee-tang\/\"><img loading=\"lazy\" decoding=\"async\" width=\"1024\" height=\"687\" src=\"https:\/\/www.fotoseminario.net\/1sem\/wp-content\/uploads\/2024\/06\/MiguelEspino_15_YMT23a_23_2-1024x687.jpg\" alt=\"\" class=\"wp-image-106\" style=\"border-radius:150px;aspect-ratio:1;object-fit:cover\" srcset=\"https:\/\/www.fotoseminario.net\/1sem\/wp-content\/uploads\/2024\/06\/MiguelEspino_15_YMT23a_23_2-1024x687.jpg 1024w, https:\/\/www.fotoseminario.net\/1sem\/wp-content\/uploads\/2024\/06\/MiguelEspino_15_YMT23a_23_2-300x201.jpg 300w, https:\/\/www.fotoseminario.net\/1sem\/wp-content\/uploads\/2024\/06\/MiguelEspino_15_YMT23a_23_2-768x515.jpg 768w, https:\/\/www.fotoseminario.net\/1sem\/wp-content\/uploads\/2024\/06\/MiguelEspino_15_YMT23a_23_2-1536x1030.jpg 1536w, https:\/\/www.fotoseminario.net\/1sem\/wp-content\/uploads\/2024\/06\/MiguelEspino_15_YMT23a_23_2.jpg 1953w\" sizes=\"auto, (max-width: 1024px) 100vw, 1024px\" \/><\/a><\/figure>\n\n\n\n<h4 class=\"wp-block-heading has-text-align-center\"><em><a href=\"https:\/\/www.fotoseminario.net\/1sem\/parientes-postizos-una-biografia-imprecisa\/\" data-type=\"page\" data-id=\"18\"><em><\/em><\/a><em><a href=\"https:\/\/www.fotoseminario.net\/1sem\/quien-es-emilio-yee-tang\/\" data-type=\"page\" data-id=\"99\">\u00bfQuien es Emilio Yee Tang?<\/a><\/em><\/em><\/h4>\n\n\n\n<p class=\"has-text-align-center\"><strong>Miguel Espino<\/strong><\/p>\n<\/div>\n<\/div>\n\n\n\n<div style=\"height:43px\" aria-hidden=\"true\" class=\"wp-block-spacer\"><\/div>\n\n\n\n<div class=\"wp-block-columns is-layout-flex wp-container-core-columns-is-layout-28f84493 wp-block-columns-is-layout-flex\">\n<div class=\"wp-block-column is-layout-flow wp-block-column-is-layout-flow\" style=\"flex-basis:16%\"><\/div>\n\n\n\n<div class=\"wp-block-column is-layout-flow wp-block-column-is-layout-flow\" style=\"flex-basis:30.24%\">\n<figure class=\"wp-block-image size-full has-custom-border wp-duotone-unset-1\"><a href=\"https:\/\/www.fotoseminario.net\/1sem\/desfragmentaciones\/\"><img loading=\"lazy\" decoding=\"async\" width=\"2560\" height=\"2560\" src=\"https:\/\/www.fotoseminario.net\/1sem\/wp-content\/uploads\/2024\/06\/Silvia-Desfrag_Lalo_PRINT-scaled.jpg\" alt=\"\" class=\"wp-image-133\" style=\"border-radius:150px;aspect-ratio:1;object-fit:cover\" srcset=\"https:\/\/www.fotoseminario.net\/1sem\/wp-content\/uploads\/2024\/06\/Silvia-Desfrag_Lalo_PRINT-scaled.jpg 2560w, https:\/\/www.fotoseminario.net\/1sem\/wp-content\/uploads\/2024\/06\/Silvia-Desfrag_Lalo_PRINT-300x300.jpg 300w, https:\/\/www.fotoseminario.net\/1sem\/wp-content\/uploads\/2024\/06\/Silvia-Desfrag_Lalo_PRINT-1024x1024.jpg 1024w, https:\/\/www.fotoseminario.net\/1sem\/wp-content\/uploads\/2024\/06\/Silvia-Desfrag_Lalo_PRINT-150x150.jpg 150w, https:\/\/www.fotoseminario.net\/1sem\/wp-content\/uploads\/2024\/06\/Silvia-Desfrag_Lalo_PRINT-768x768.jpg 768w, https:\/\/www.fotoseminario.net\/1sem\/wp-content\/uploads\/2024\/06\/Silvia-Desfrag_Lalo_PRINT-1536x1536.jpg 1536w, https:\/\/www.fotoseminario.net\/1sem\/wp-content\/uploads\/2024\/06\/Silvia-Desfrag_Lalo_PRINT-2048x2048.jpg 2048w\" sizes=\"auto, (max-width: 2560px) 100vw, 2560px\" \/><\/a><\/figure>\n\n\n\n<h4 class=\"wp-block-heading has-text-align-center\"><em><a href=\"https:\/\/www.fotoseminario.net\/1sem\/parientes-postizos-una-biografia-imprecisa\/\" data-type=\"page\" data-id=\"18\"><em><\/em><\/a><em><a href=\"https:\/\/www.fotoseminario.net\/1sem\/desfragmentaciones\/\" data-type=\"page\" data-id=\"127\">Desfragmentaciones<\/a><\/em><\/em><\/h4>\n\n\n\n<p class=\"has-text-align-center\"><strong>Silvia Pi\u00f1era<\/strong><\/p>\n<\/div>\n\n\n\n<div class=\"wp-block-column is-layout-flow wp-block-column-is-layout-flow\" style=\"flex-basis:30.24%\">\n<figure class=\"wp-block-image size-large has-custom-border\"><a href=\"https:\/\/www.fotoseminario.net\/1sem\/ulisesbuenaventura\/\"><img loading=\"lazy\" decoding=\"async\" width=\"1024\" height=\"576\" src=\"https:\/\/www.fotoseminario.net\/1sem\/wp-content\/uploads\/2024\/06\/grm_03_presentacion-1024x576.jpg\" alt=\"\" class=\"wp-image-95\" style=\"border-radius:150px;aspect-ratio:1;object-fit:cover\" srcset=\"https:\/\/www.fotoseminario.net\/1sem\/wp-content\/uploads\/2024\/06\/grm_03_presentacion-1024x576.jpg 1024w, https:\/\/www.fotoseminario.net\/1sem\/wp-content\/uploads\/2024\/06\/grm_03_presentacion-300x169.jpg 300w, https:\/\/www.fotoseminario.net\/1sem\/wp-content\/uploads\/2024\/06\/grm_03_presentacion-768x432.jpg 768w, https:\/\/www.fotoseminario.net\/1sem\/wp-content\/uploads\/2024\/06\/grm_03_presentacion-1536x864.jpg 1536w, https:\/\/www.fotoseminario.net\/1sem\/wp-content\/uploads\/2024\/06\/grm_03_presentacion.jpg 1600w\" sizes=\"auto, (max-width: 1024px) 100vw, 1024px\" \/><\/a><\/figure>\n\n\n\n<h4 class=\"wp-block-heading has-text-align-center\"><em><a href=\"https:\/\/www.fotoseminario.net\/1sem\/parientes-postizos-una-biografia-imprecisa\/\" data-type=\"page\" data-id=\"18\"><em><\/em><\/a><em><a href=\"https:\/\/www.fotoseminario.net\/1sem\/ulisesbuenaventura\/\" data-type=\"page\" data-id=\"86\">@ulises_buenaventura<\/a><\/em><\/em><\/h4>\n\n\n\n<p class=\"has-text-align-center\"><strong>Germ\u00e1n Romero<\/strong><\/p>\n<\/div>\n\n\n\n<div class=\"wp-block-column is-layout-flow wp-block-column-is-layout-flow\" style=\"flex-basis:14.51%\"><\/div>\n<\/div>\n\n\n\n<p><\/p>\n\n\n\n<div style=\"height:192px\" aria-hidden=\"true\" class=\"wp-block-spacer\"><\/div>\n\n\n\n<p><\/p>\n\n\n\n<p><\/p>\n","protected":false},"excerpt":{"rendered":"<p>Cesar G. Palomino La representaci\u00f3n del cuerpo se encuentra entre las m\u00e1s tempranas expresiones fotogr\u00e1ficas, siendo el retrato en daguerrotipo y, posteriormente, las cartas de visita, suced\u00e1neos populares de su caracterizaci\u00f3n en dibujo o en pintura. Al tiempo, se fueron suscitando, y se han acumulado, una amplia gama de preocupaciones, intereses e intenciones fotogr\u00e1ficas que [&hellip;]<\/p>\n","protected":false},"author":1,"featured_media":163,"parent":0,"menu_order":0,"comment_status":"closed","ping_status":"closed","template":"wp-custom-template-ocre-sin-titulo","meta":{"footnotes":""},"class_list":["post-168","page","type-page","status-publish","has-post-thumbnail","hentry"],"_links":{"self":[{"href":"https:\/\/www.fotoseminario.net\/1sem\/wp-json\/wp\/v2\/pages\/168","targetHints":{"allow":["GET"]}}],"collection":[{"href":"https:\/\/www.fotoseminario.net\/1sem\/wp-json\/wp\/v2\/pages"}],"about":[{"href":"https:\/\/www.fotoseminario.net\/1sem\/wp-json\/wp\/v2\/types\/page"}],"author":[{"embeddable":true,"href":"https:\/\/www.fotoseminario.net\/1sem\/wp-json\/wp\/v2\/users\/1"}],"replies":[{"embeddable":true,"href":"https:\/\/www.fotoseminario.net\/1sem\/wp-json\/wp\/v2\/comments?post=168"}],"version-history":[{"count":37,"href":"https:\/\/www.fotoseminario.net\/1sem\/wp-json\/wp\/v2\/pages\/168\/revisions"}],"predecessor-version":[{"id":625,"href":"https:\/\/www.fotoseminario.net\/1sem\/wp-json\/wp\/v2\/pages\/168\/revisions\/625"}],"wp:featuredmedia":[{"embeddable":true,"href":"https:\/\/www.fotoseminario.net\/1sem\/wp-json\/wp\/v2\/media\/163"}],"wp:attachment":[{"href":"https:\/\/www.fotoseminario.net\/1sem\/wp-json\/wp\/v2\/media?parent=168"}],"curies":[{"name":"wp","href":"https:\/\/api.w.org\/{rel}","templated":true}]}}