{"id":18,"date":"2024-06-21T03:11:38","date_gmt":"2024-06-21T03:11:38","guid":{"rendered":"https:\/\/www.fotoseminario.net\/1sem\/?page_id=18"},"modified":"2025-06-20T18:33:28","modified_gmt":"2025-06-20T18:33:28","slug":"parientes-postizos-una-biografia-imprecisa","status":"publish","type":"page","link":"https:\/\/www.fotoseminario.net\/1sem\/parientes-postizos-una-biografia-imprecisa\/","title":{"rendered":"Parientes postizos. Una biograf\u00eda imprecisa"},"content":{"rendered":"\n<p>N\u00e9stor Bravo<\/p>\n\n\n\n<p><\/p>\n\n\n\n<p>Reflexi\u00f3n alrededor de la familia, ensayo fotogr\u00e1fico en el que busco dar una opini\u00f3n personal sobre el tema, un poco como consecuencia de la indagatoria introspectiva: \u00bfqu\u00e9 es para m\u00ed la familia?, incluso, \u00bfc\u00f3mo es mi familia? o como me gustar\u00eda que fuera. Esto me lleva a enunciar desde la primera persona del singular y, al mismo tiempo, expresar, a trav\u00e9s de la fotograf\u00eda (y la escritura), mi muy particular forma de ver a la familia (mexicana) actual.<\/p>\n\n\n<div class='yrm-content yrm-content-1 yrm-content-hide ' id='yrm-Bl0yI' data-id='1' data-show-status='false' data-after-action='' style=\"visibility: hidden;height: 0;\">\n\t\t\t<div id='yrm-inner-content-yrm-Bl0yI' class='yrm-inner-content-wrapper yrm-cntent-1'><\/p>\n\n\n\n<p>Recurro al ensayo porque facilita la formulaci\u00f3n de reflexiones sobre un tema determinado y permite el perfilamiento de evaluaciones.&nbsp; Pero tambi\u00e9n porque uno puede explorar, tantear, especular, indagar sin tener necesariamente que declarar cerrada y concluida una propuesta.<\/p>\n\n\n\n<p>Esta preocupaci\u00f3n por la familia no me lleva a realizar un documento ni a establecer principios testimoniales como rasgo identitario de la fotograf\u00eda. Al recurrir a la imagen lo hago con fines ficcionales. La familia que ver\u00e1n proviene de una idea que tengo, de las experiencias que he vivido, cierto, pero tambi\u00e9n de lo que el imaginario \u201cpopular\u201d, m\u00e1s bien \u201cpop\u201d, propone como familia; algo m\u00e1s socarr\u00f3n, disfuncional, pat\u00e9tico, c\u00f3mico y consecuencia de una ilusoria y fantasiosa \u00e9pica.<\/p>\n\n\n\n<p class=\"has-text-align-right\">Amatl\u00e1n de Quetzalc\u00f3atl, oto\u00f1o de 2023<\/p>\n\n\n\n<p><\/div>\n\t\t<\/div><div class='yrm-btn-wrapper yrm-btn-wrapper-1 yrm-more-button-wrapper  '\n\t\tdata-custom-more-class-name='' data-custom-less-class-name=''><span title='Leer m\u00e1s' data-less-title='Esconder texto' data-more-title='Leer m\u00e1s' class='yrm-toggle-expand  yrm-toggle-expand-1 ' data-rel='yrm-Bl0yI' data-more='Leer m\u00e1s \u25bc' data-less='Esconder texto \u25b2'><span class='yrm-text-wrapper yrm-text-wrapper-custom-dimensions'><span class=\"yrm-button-text-1 yrm-button-text-span\">Leer m\u00e1s \u25bc<\/span><\/span><\/span><\/div>\n\n\n\n<div style=\"height:42px\" aria-hidden=\"true\" class=\"wp-block-spacer\"><\/div>\n\n\n\n\n\n\n<div style=\"height:100px\" aria-hidden=\"true\" class=\"wp-block-spacer\"><\/div>\n\n\n\n<div style=\"height:72px\" aria-hidden=\"true\" class=\"wp-block-spacer\"><\/div>\n","protected":false},"excerpt":{"rendered":"<p>N\u00e9stor Bravo Reflexi\u00f3n alrededor de la familia, ensayo fotogr\u00e1fico en el que busco dar una opini\u00f3n personal sobre el tema, un poco como consecuencia de la indagatoria introspectiva: \u00bfqu\u00e9 es para m\u00ed la familia?, incluso, \u00bfc\u00f3mo es mi familia? o como me gustar\u00eda que fuera. Esto me lleva a enunciar desde la primera persona del [&hellip;]<\/p>\n","protected":false},"author":1,"featured_media":24,"parent":0,"menu_order":0,"comment_status":"open","ping_status":"closed","template":"wp-custom-template-plantilla-personalizada","meta":{"footnotes":""},"class_list":["post-18","page","type-page","status-publish","has-post-thumbnail","hentry"],"_links":{"self":[{"href":"https:\/\/www.fotoseminario.net\/1sem\/wp-json\/wp\/v2\/pages\/18","targetHints":{"allow":["GET"]}}],"collection":[{"href":"https:\/\/www.fotoseminario.net\/1sem\/wp-json\/wp\/v2\/pages"}],"about":[{"href":"https:\/\/www.fotoseminario.net\/1sem\/wp-json\/wp\/v2\/types\/page"}],"author":[{"embeddable":true,"href":"https:\/\/www.fotoseminario.net\/1sem\/wp-json\/wp\/v2\/users\/1"}],"replies":[{"embeddable":true,"href":"https:\/\/www.fotoseminario.net\/1sem\/wp-json\/wp\/v2\/comments?post=18"}],"version-history":[{"count":15,"href":"https:\/\/www.fotoseminario.net\/1sem\/wp-json\/wp\/v2\/pages\/18\/revisions"}],"predecessor-version":[{"id":541,"href":"https:\/\/www.fotoseminario.net\/1sem\/wp-json\/wp\/v2\/pages\/18\/revisions\/541"}],"wp:featuredmedia":[{"embeddable":true,"href":"https:\/\/www.fotoseminario.net\/1sem\/wp-json\/wp\/v2\/media\/24"}],"wp:attachment":[{"href":"https:\/\/www.fotoseminario.net\/1sem\/wp-json\/wp\/v2\/media?parent=18"}],"curies":[{"name":"wp","href":"https:\/\/api.w.org\/{rel}","templated":true}]}}