{"id":331,"date":"2024-10-18T03:57:19","date_gmt":"2024-10-18T03:57:19","guid":{"rendered":"https:\/\/www.fotoseminario.net\/1sem\/?page_id=331"},"modified":"2025-10-16T01:11:15","modified_gmt":"2025-10-16T01:11:15","slug":"integrantes","status":"publish","type":"page","link":"https:\/\/www.fotoseminario.net\/1sem\/integrantes\/","title":{"rendered":"Integrantes"},"content":{"rendered":"\n<div style=\"height:36px\" aria-hidden=\"true\" class=\"wp-block-spacer\"><\/div>\n\n\n\n<h4 class=\"wp-block-heading\"><a href=\"https:\/\/www.fotoseminario.net\/1sem\/nestor-bravo\/\" data-type=\"page\" data-id=\"414\">N\u00e9stor Bravo<\/a><\/h4>\n\n\n\n<h4 class=\"wp-block-heading\"><a href=\"https:\/\/www.fotoseminario.net\/1sem\/lourdes-corzo\/\" data-type=\"page\" data-id=\"416\">Lourdes Corzo<\/a><\/h4>\n\n\n\n<h4 class=\"wp-block-heading\"><a href=\"https:\/\/www.fotoseminario.net\/1sem\/miguel-espino\/\" data-type=\"page\" data-id=\"418\">Miguel Espino<\/a><\/h4>\n\n\n\n<h4 class=\"wp-block-heading\"><a href=\"https:\/\/www.fotoseminario.net\/1sem\/silvia-blume-silvia-pinera\/\" data-type=\"page\" data-id=\"424\">Silvia Pi\u00f1era<\/a><\/h4>\n\n\n\n<h4 class=\"wp-block-heading\"><a href=\"https:\/\/www.fotoseminario.net\/1sem\/german-romero-martinez\/\" data-type=\"page\" data-id=\"428\">Germ\u00e1n Romero Mart\u00ednez<\/a><\/h4>\n\n\n\n<h4 class=\"wp-block-heading\"><a href=\"https:\/\/www.fotoseminario.net\/1sem\/leticia-torres-hernandez\/\" data-type=\"page\" data-id=\"431\">Leticia Torres Hern\u00e1ndez<\/a><\/h4>\n\n\n\n<h4 class=\"wp-block-heading\"><a href=\"https:\/\/www.fotoseminario.net\/1sem\/larisa-garcia-millan\/\" data-type=\"page\" data-id=\"420\">Larisa Garc\u00eda Mill\u00e1n<\/a><\/h4>\n\n\n\n<h4 class=\"wp-block-heading\"><a href=\"https:\/\/www.fotoseminario.net\/1sem\/esteban-reyes-evan\/\" data-type=\"page\" data-id=\"426\">Esteban Reyes<\/a><\/h4>\n\n\n\n<h4 class=\"wp-block-heading\"><a href=\"https:\/\/www.fotoseminario.net\/1sem\/cesar-g-palomino\/\" data-type=\"page\" data-id=\"422\">C\u00e9sar G. Palomino<\/a><\/h4>\n\n\n\n<div style=\"height:57px\" aria-hidden=\"true\" class=\"wp-block-spacer\"><\/div>\n\n\n\n<hr class=\"wp-block-separator has-alpha-channel-opacity\"\/>\n\n\n\n<div style=\"height:56px\" aria-hidden=\"true\" class=\"wp-block-spacer\"><\/div>\n\n\n\n<p><\/p>\n","protected":false},"excerpt":{"rendered":"<p>N\u00e9stor Bravo Lourdes Corzo Miguel Espino Silvia Pi\u00f1era Germ\u00e1n Romero Mart\u00ednez Leticia Torres Hern\u00e1ndez Larisa Garc\u00eda Mill\u00e1n Esteban Reyes C\u00e9sar G. Palomino<\/p>\n","protected":false},"author":1,"featured_media":0,"parent":0,"menu_order":0,"comment_status":"closed","ping_status":"closed","template":"","meta":{"footnotes":""},"class_list":["post-331","page","type-page","status-publish","hentry"],"_links":{"self":[{"href":"https:\/\/www.fotoseminario.net\/1sem\/wp-json\/wp\/v2\/pages\/331","targetHints":{"allow":["GET"]}}],"collection":[{"href":"https:\/\/www.fotoseminario.net\/1sem\/wp-json\/wp\/v2\/pages"}],"about":[{"href":"https:\/\/www.fotoseminario.net\/1sem\/wp-json\/wp\/v2\/types\/page"}],"author":[{"embeddable":true,"href":"https:\/\/www.fotoseminario.net\/1sem\/wp-json\/wp\/v2\/users\/1"}],"replies":[{"embeddable":true,"href":"https:\/\/www.fotoseminario.net\/1sem\/wp-json\/wp\/v2\/comments?post=331"}],"version-history":[{"count":10,"href":"https:\/\/www.fotoseminario.net\/1sem\/wp-json\/wp\/v2\/pages\/331\/revisions"}],"predecessor-version":[{"id":637,"href":"https:\/\/www.fotoseminario.net\/1sem\/wp-json\/wp\/v2\/pages\/331\/revisions\/637"}],"wp:attachment":[{"href":"https:\/\/www.fotoseminario.net\/1sem\/wp-json\/wp\/v2\/media?parent=331"}],"curies":[{"name":"wp","href":"https:\/\/api.w.org\/{rel}","templated":true}]}}