{"id":414,"date":"2025-02-22T04:09:49","date_gmt":"2025-02-22T04:09:49","guid":{"rendered":"https:\/\/www.fotoseminario.net\/1sem\/?page_id=414"},"modified":"2025-06-20T18:50:28","modified_gmt":"2025-06-20T18:50:28","slug":"nestor-bravo","status":"publish","type":"page","link":"https:\/\/www.fotoseminario.net\/1sem\/nestor-bravo\/","title":{"rendered":"N\u00e9stor Bravo"},"content":{"rendered":"\n<div class=\"wp-block-columns is-layout-flex wp-container-core-columns-is-layout-28f84493 wp-block-columns-is-layout-flex\">\n<div class=\"wp-block-column is-layout-flow wp-block-column-is-layout-flow\" style=\"flex-basis:66.66%\">\n<p>Naci\u00f3 en la Ciudad de M\u00e9xico hace apenas 65 a\u00f1os. Curs\u00f3 estudios de Literatura Hisp\u00e1nica en la Facultad de Filosof\u00eda y Letras de la UNAM. Estudi\u00f3 Ling\u00fc\u00edstica en la Escuela Nacional de Antropolog\u00eda e Historia. Se titul\u00f3 como licenciado en Ense\u00f1anza de las Artes en la Escuela Nacional de Pintura, Escultura y Grabado&nbsp;<em>La Esmeralda<\/em>. Ha expuesto de manera colectiva en el Centro de la Imagen, Museo Universitario del Chopo, Universidad del Claustro de Sor Juana, Museo Jacobo Borges de Caracas, La Chambre Blanche en Qu\u00e9bec, Galer\u00eda Baudain Lebon en Par\u00eds. Ha realizado exposiciones individuales en la Galer\u00eda Garden of The Zodiacs en Omaha, Nebraska, en la Casa de M\u00e9xico en La Habana, en la Galer\u00eda Gimena y la F\u00e1brica en la Ciudad de M\u00e9xico. Fue columnista del peri\u00f3dico&nbsp;<em>La Jornada<\/em>&nbsp;(secci\u00f3n cultura) de 2003 a 2005. Ha presentado ponencias sobre fotograf\u00eda y temas relacionados con la imagen en el Centro de la Imagen, Universidad del Claustro de sor Juana, Escuela Nacional de Antropolog\u00eda e Historia, Cenidiap\/INBAL, Casa de M\u00e9xico en La Habana. Ha publicado art\u00edculos sobre imagen, fotograf\u00eda y ense\u00f1anza de las artes. Se ha desempe\u00f1ado como profesor de teor\u00eda del arte, an\u00e1lisis de la imagen y de fotograf\u00eda en&nbsp;<em>La Esmeralda<\/em>&nbsp;y en la Escuela de Dise\u00f1o, ambas del INBAL.<\/p>\n<\/div>\n\n\n\n<div class=\"wp-block-column is-layout-flow wp-block-column-is-layout-flow\" style=\"flex-basis:33.33%\">\n<figure class=\"wp-block-image aligncenter size-medium\"><img loading=\"lazy\" decoding=\"async\" width=\"300\" height=\"300\" src=\"https:\/\/www.fotoseminario.net\/1sem\/wp-content\/uploads\/2024\/06\/Nestor_bravo-300x300.jpg\" alt=\"\" class=\"wp-image-32\" srcset=\"https:\/\/www.fotoseminario.net\/1sem\/wp-content\/uploads\/2024\/06\/Nestor_bravo-300x300.jpg 300w, https:\/\/www.fotoseminario.net\/1sem\/wp-content\/uploads\/2024\/06\/Nestor_bravo-1024x1024.jpg 1024w, https:\/\/www.fotoseminario.net\/1sem\/wp-content\/uploads\/2024\/06\/Nestor_bravo-150x150.jpg 150w, https:\/\/www.fotoseminario.net\/1sem\/wp-content\/uploads\/2024\/06\/Nestor_bravo-768x768.jpg 768w, https:\/\/www.fotoseminario.net\/1sem\/wp-content\/uploads\/2024\/06\/Nestor_bravo-1536x1536.jpg 1536w, https:\/\/www.fotoseminario.net\/1sem\/wp-content\/uploads\/2024\/06\/Nestor_bravo-2048x2048.jpg 2048w\" sizes=\"auto, (max-width: 300px) 100vw, 300px\" \/><\/figure>\n<\/div>\n<\/div>\n\n\n\n<div style=\"height:50px\" aria-hidden=\"true\" class=\"wp-block-spacer\"><\/div>\n","protected":false},"excerpt":{"rendered":"<p>Naci\u00f3 en la Ciudad de M\u00e9xico hace apenas 65 a\u00f1os. Curs\u00f3 estudios de Literatura Hisp\u00e1nica en la Facultad de Filosof\u00eda y Letras de la UNAM. Estudi\u00f3 Ling\u00fc\u00edstica en la Escuela Nacional de Antropolog\u00eda e Historia. Se titul\u00f3 como licenciado en Ense\u00f1anza de las Artes en la Escuela Nacional de Pintura, Escultura y Grabado&nbsp;La Esmeralda. Ha [&hellip;]<\/p>\n","protected":false},"author":1,"featured_media":0,"parent":0,"menu_order":0,"comment_status":"closed","ping_status":"closed","template":"","meta":{"footnotes":""},"class_list":["post-414","page","type-page","status-publish","hentry"],"_links":{"self":[{"href":"https:\/\/www.fotoseminario.net\/1sem\/wp-json\/wp\/v2\/pages\/414","targetHints":{"allow":["GET"]}}],"collection":[{"href":"https:\/\/www.fotoseminario.net\/1sem\/wp-json\/wp\/v2\/pages"}],"about":[{"href":"https:\/\/www.fotoseminario.net\/1sem\/wp-json\/wp\/v2\/types\/page"}],"author":[{"embeddable":true,"href":"https:\/\/www.fotoseminario.net\/1sem\/wp-json\/wp\/v2\/users\/1"}],"replies":[{"embeddable":true,"href":"https:\/\/www.fotoseminario.net\/1sem\/wp-json\/wp\/v2\/comments?post=414"}],"version-history":[{"count":2,"href":"https:\/\/www.fotoseminario.net\/1sem\/wp-json\/wp\/v2\/pages\/414\/revisions"}],"predecessor-version":[{"id":605,"href":"https:\/\/www.fotoseminario.net\/1sem\/wp-json\/wp\/v2\/pages\/414\/revisions\/605"}],"wp:attachment":[{"href":"https:\/\/www.fotoseminario.net\/1sem\/wp-json\/wp\/v2\/media?parent=414"}],"curies":[{"name":"wp","href":"https:\/\/api.w.org\/{rel}","templated":true}]}}