{"id":416,"date":"2025-02-22T04:11:30","date_gmt":"2025-02-22T04:11:30","guid":{"rendered":"https:\/\/www.fotoseminario.net\/1sem\/?page_id=416"},"modified":"2025-06-20T18:48:47","modified_gmt":"2025-06-20T18:48:47","slug":"lourdes-corzo","status":"publish","type":"page","link":"https:\/\/www.fotoseminario.net\/1sem\/lourdes-corzo\/","title":{"rendered":"Lourdes Corzo"},"content":{"rendered":"\n<div class=\"wp-block-columns is-layout-flex wp-container-core-columns-is-layout-28f84493 wp-block-columns-is-layout-flex\">\n<div class=\"wp-block-column is-layout-flow wp-block-column-is-layout-flow\" style=\"flex-basis:66.66%\">\n<p>Pachuca, Hidalgo, 1961. Egresada de la primera generaci\u00f3n de la licenciatura en Artes Visuales por la Universidad Aut\u00f3noma del Estado de Hidalgo y maestra en Fotograf\u00eda de Creaci\u00f3n y Concepto por EFTI, Madrid, donde obtuvo menci\u00f3n especial. Es miembro del colectivo Alquimistas contempor\u00e1neos, para el rescate de procesos fotogr\u00e1ficos antiguos, con sede en la ciudad de Zacatecas, as\u00ed como del colectivo Sal de Plano (Espa\u00f1a-M\u00e9xico) desde 2010. Su obra se ha expuesto de manera individual y colectiva en diversas ciudades de M\u00e9xico, unas de las m\u00e1s importantes las realizadas en la Fototeca de Zacatecas y el Palacio de Miner\u00eda en la capital del pa\u00eds, as\u00ed como en algunas ciudades de Espa\u00f1a y Portugal. Su ejercicio profesional incluye pr\u00e1cticas al lado de destacados fot\u00f3grafos como Miguel Oriola, Valent\u00edn Sama, Alfonso Zubiaga, Eugenio Ampudia, Javier Vallhonrat y Jos\u00e9 Latova. Su trabajo forma parte de varias colecciones, entre ellas EFTI en Madrid, Universidad Aut\u00f3noma del Estado de Hidalgo, Fototeca de Zacatecas Pedro Valtierra y Museo Nacional Centro de Arte Reina Sof\u00eda, en estos dos \u00faltimos donde ha sido incluido un ejemplar de su fotolibro&nbsp;<em>Colapso<\/em>, edici\u00f3n realizada con fotograf\u00edas originales en cianotipia.<\/p>\n<\/div>\n\n\n\n<div class=\"wp-block-column is-layout-flow wp-block-column-is-layout-flow\" style=\"flex-basis:33.33%\">\n<figure class=\"wp-block-image aligncenter size-medium is-resized\"><img loading=\"lazy\" decoding=\"async\" width=\"201\" height=\"300\" src=\"https:\/\/www.fotoseminario.net\/1sem\/wp-content\/uploads\/2024\/06\/Lourdes_personal_colodion-201x300.jpg\" alt=\"\" class=\"wp-image-83\" style=\"width:219px;height:auto\" srcset=\"https:\/\/www.fotoseminario.net\/1sem\/wp-content\/uploads\/2024\/06\/Lourdes_personal_colodion-201x300.jpg 201w, https:\/\/www.fotoseminario.net\/1sem\/wp-content\/uploads\/2024\/06\/Lourdes_personal_colodion-685x1024.jpg 685w, https:\/\/www.fotoseminario.net\/1sem\/wp-content\/uploads\/2024\/06\/Lourdes_personal_colodion-768x1148.jpg 768w, https:\/\/www.fotoseminario.net\/1sem\/wp-content\/uploads\/2024\/06\/Lourdes_personal_colodion.jpg 1010w\" sizes=\"auto, (max-width: 201px) 100vw, 201px\" \/><\/figure>\n<\/div>\n<\/div>\n\n\n\n<div style=\"height:50px\" aria-hidden=\"true\" class=\"wp-block-spacer\"><\/div>\n","protected":false},"excerpt":{"rendered":"<p>Pachuca, Hidalgo, 1961. Egresada de la primera generaci\u00f3n de la licenciatura en Artes Visuales por la Universidad Aut\u00f3noma del Estado de Hidalgo y maestra en Fotograf\u00eda de Creaci\u00f3n y Concepto por EFTI, Madrid, donde obtuvo menci\u00f3n especial. Es miembro del colectivo Alquimistas contempor\u00e1neos, para el rescate de procesos fotogr\u00e1ficos antiguos, con sede en la ciudad [&hellip;]<\/p>\n","protected":false},"author":1,"featured_media":0,"parent":0,"menu_order":0,"comment_status":"closed","ping_status":"closed","template":"","meta":{"footnotes":""},"class_list":["post-416","page","type-page","status-publish","hentry"],"_links":{"self":[{"href":"https:\/\/www.fotoseminario.net\/1sem\/wp-json\/wp\/v2\/pages\/416","targetHints":{"allow":["GET"]}}],"collection":[{"href":"https:\/\/www.fotoseminario.net\/1sem\/wp-json\/wp\/v2\/pages"}],"about":[{"href":"https:\/\/www.fotoseminario.net\/1sem\/wp-json\/wp\/v2\/types\/page"}],"author":[{"embeddable":true,"href":"https:\/\/www.fotoseminario.net\/1sem\/wp-json\/wp\/v2\/users\/1"}],"replies":[{"embeddable":true,"href":"https:\/\/www.fotoseminario.net\/1sem\/wp-json\/wp\/v2\/comments?post=416"}],"version-history":[{"count":2,"href":"https:\/\/www.fotoseminario.net\/1sem\/wp-json\/wp\/v2\/pages\/416\/revisions"}],"predecessor-version":[{"id":603,"href":"https:\/\/www.fotoseminario.net\/1sem\/wp-json\/wp\/v2\/pages\/416\/revisions\/603"}],"wp:attachment":[{"href":"https:\/\/www.fotoseminario.net\/1sem\/wp-json\/wp\/v2\/media?parent=416"}],"curies":[{"name":"wp","href":"https:\/\/api.w.org\/{rel}","templated":true}]}}