{"id":418,"date":"2025-02-22T04:12:42","date_gmt":"2025-02-22T04:12:42","guid":{"rendered":"https:\/\/www.fotoseminario.net\/1sem\/?page_id=418"},"modified":"2025-06-20T18:49:37","modified_gmt":"2025-06-20T18:49:37","slug":"miguel-espino","status":"publish","type":"page","link":"https:\/\/www.fotoseminario.net\/1sem\/miguel-espino\/","title":{"rendered":"Miguel Espino"},"content":{"rendered":"\n<div class=\"wp-block-columns is-layout-flex wp-container-core-columns-is-layout-28f84493 wp-block-columns-is-layout-flex\">\n<div class=\"wp-block-column is-layout-flow wp-block-column-is-layout-flow\" style=\"flex-basis:66.66%\">\n<p>Durango, 1969. Vive en Torre\u00f3n, Coahuila. Trabaja en la Comarca Lagunera. Su trabajo se basa en la usual generaci\u00f3n de evocaciones mediante im\u00e1genes con las que pretende renovar las convenciones sociales. Se interesa en tradiciones y patrimonio cultural como constantes sostenidas de su propia identidad, historia y naturaleza, a trav\u00e9s del g\u00e9nero documental, el uso de la memoria, el archivo y los procesos alternativos de fotograf\u00eda. &nbsp;Egresado del Programa de Fotograf\u00eda Contempor\u00e1nea Javier Ram\u00edrez Lim\u00f3n 2018, Coahuila. Se ha desempe\u00f1ado como catedr\u00e1tico de Ibero Torre\u00f3n, y como docente del programa Colectivos Comunitarios (2016-2018) y de Cultura Comunitaria\/Semilleros Creativos (2016-2018) para infancia y juventud en G\u00f3mez Palacio, Durango. Con la experiencia de m\u00e1s de 10 a\u00f1os, ha colaborado en diversas publicaciones y realizado proyectos comerciales; es creativo e impulsor de proyectos de acercamiento al arte, la imagen y la fotograf\u00eda destinados a grupos de diversas condiciones sociales.<\/p>\n<\/div>\n\n\n\n<div class=\"wp-block-column is-layout-flow wp-block-column-is-layout-flow\" style=\"flex-basis:33.33%\">\n<figure class=\"wp-block-image aligncenter size-medium is-resized\"><img loading=\"lazy\" decoding=\"async\" width=\"200\" height=\"300\" src=\"https:\/\/www.fotoseminario.net\/1sem\/wp-content\/uploads\/2024\/06\/Miguel-Espino-200x300.jpg\" alt=\"\" class=\"wp-image-125\" style=\"width:217px;height:auto\" srcset=\"https:\/\/www.fotoseminario.net\/1sem\/wp-content\/uploads\/2024\/06\/Miguel-Espino-200x300.jpg 200w, https:\/\/www.fotoseminario.net\/1sem\/wp-content\/uploads\/2024\/06\/Miguel-Espino-683x1024.jpg 683w, https:\/\/www.fotoseminario.net\/1sem\/wp-content\/uploads\/2024\/06\/Miguel-Espino-768x1152.jpg 768w, https:\/\/www.fotoseminario.net\/1sem\/wp-content\/uploads\/2024\/06\/Miguel-Espino-1024x1536.jpg 1024w, https:\/\/www.fotoseminario.net\/1sem\/wp-content\/uploads\/2024\/06\/Miguel-Espino-1366x2048.jpg 1366w, https:\/\/www.fotoseminario.net\/1sem\/wp-content\/uploads\/2024\/06\/Miguel-Espino.jpg 1667w\" sizes=\"auto, (max-width: 200px) 100vw, 200px\" \/><\/figure>\n<\/div>\n<\/div>\n\n\n\n<div style=\"height:50px\" aria-hidden=\"true\" class=\"wp-block-spacer\"><\/div>\n","protected":false},"excerpt":{"rendered":"<p>Durango, 1969. Vive en Torre\u00f3n, Coahuila. Trabaja en la Comarca Lagunera. Su trabajo se basa en la usual generaci\u00f3n de evocaciones mediante im\u00e1genes con las que pretende renovar las convenciones sociales. Se interesa en tradiciones y patrimonio cultural como constantes sostenidas de su propia identidad, historia y naturaleza, a trav\u00e9s del g\u00e9nero documental, el uso [&hellip;]<\/p>\n","protected":false},"author":1,"featured_media":0,"parent":0,"menu_order":0,"comment_status":"closed","ping_status":"closed","template":"","meta":{"footnotes":""},"class_list":["post-418","page","type-page","status-publish","hentry"],"_links":{"self":[{"href":"https:\/\/www.fotoseminario.net\/1sem\/wp-json\/wp\/v2\/pages\/418","targetHints":{"allow":["GET"]}}],"collection":[{"href":"https:\/\/www.fotoseminario.net\/1sem\/wp-json\/wp\/v2\/pages"}],"about":[{"href":"https:\/\/www.fotoseminario.net\/1sem\/wp-json\/wp\/v2\/types\/page"}],"author":[{"embeddable":true,"href":"https:\/\/www.fotoseminario.net\/1sem\/wp-json\/wp\/v2\/users\/1"}],"replies":[{"embeddable":true,"href":"https:\/\/www.fotoseminario.net\/1sem\/wp-json\/wp\/v2\/comments?post=418"}],"version-history":[{"count":2,"href":"https:\/\/www.fotoseminario.net\/1sem\/wp-json\/wp\/v2\/pages\/418\/revisions"}],"predecessor-version":[{"id":604,"href":"https:\/\/www.fotoseminario.net\/1sem\/wp-json\/wp\/v2\/pages\/418\/revisions\/604"}],"wp:attachment":[{"href":"https:\/\/www.fotoseminario.net\/1sem\/wp-json\/wp\/v2\/media?parent=418"}],"curies":[{"name":"wp","href":"https:\/\/api.w.org\/{rel}","templated":true}]}}