{"id":420,"date":"2025-02-22T04:13:11","date_gmt":"2025-02-22T04:13:11","guid":{"rendered":"https:\/\/www.fotoseminario.net\/1sem\/?page_id=420"},"modified":"2025-02-22T04:13:11","modified_gmt":"2025-02-22T04:13:11","slug":"larisa-garcia-millan","status":"publish","type":"page","link":"https:\/\/www.fotoseminario.net\/1sem\/larisa-garcia-millan\/","title":{"rendered":"Larisa Garc\u00eda Mill\u00e1n"},"content":{"rendered":"\n<p>Licenciada en Ciencias de la Comunicaci\u00f3n por la Facultad de Ciencias Pol\u00edticas y Sociales de la UNAM, con formaci\u00f3n en Gesti\u00f3n Cultural (Casa Lamm). Tiene experiencia en el \u00e1rea de Relaciones P\u00fablicas y Difusi\u00f3n en el Museo Nacional de Arte, M\u00e9xico, en la gesti\u00f3n de patrocinios y coordinaci\u00f3n de cursos; asimismo, participa en la organizaci\u00f3n y coordinaci\u00f3n de eventos art\u00edsticos y culturales. Miembro&nbsp;<em>Ad honorem<\/em>&nbsp;de la Asociaci\u00f3n mexicana de investigaci\u00f3n teatral desde 2016, donde colabora en la log\u00edstica de los congresos organizados por la agrupaci\u00f3n. Participa en el Seminario de Fotograf\u00eda del Cenidiap como asistente operativo.<\/p>\n\n\n\n<div style=\"height:50px\" aria-hidden=\"true\" class=\"wp-block-spacer\"><\/div>\n","protected":false},"excerpt":{"rendered":"<p>Licenciada en Ciencias de la Comunicaci\u00f3n por la Facultad de Ciencias Pol\u00edticas y Sociales de la UNAM, con formaci\u00f3n en Gesti\u00f3n Cultural (Casa Lamm). Tiene experiencia en el \u00e1rea de Relaciones P\u00fablicas y Difusi\u00f3n en el Museo Nacional de Arte, M\u00e9xico, en la gesti\u00f3n de patrocinios y coordinaci\u00f3n de cursos; asimismo, participa en la organizaci\u00f3n [&hellip;]<\/p>\n","protected":false},"author":1,"featured_media":0,"parent":0,"menu_order":0,"comment_status":"closed","ping_status":"closed","template":"","meta":{"footnotes":""},"class_list":["post-420","page","type-page","status-publish","hentry"],"_links":{"self":[{"href":"https:\/\/www.fotoseminario.net\/1sem\/wp-json\/wp\/v2\/pages\/420","targetHints":{"allow":["GET"]}}],"collection":[{"href":"https:\/\/www.fotoseminario.net\/1sem\/wp-json\/wp\/v2\/pages"}],"about":[{"href":"https:\/\/www.fotoseminario.net\/1sem\/wp-json\/wp\/v2\/types\/page"}],"author":[{"embeddable":true,"href":"https:\/\/www.fotoseminario.net\/1sem\/wp-json\/wp\/v2\/users\/1"}],"replies":[{"embeddable":true,"href":"https:\/\/www.fotoseminario.net\/1sem\/wp-json\/wp\/v2\/comments?post=420"}],"version-history":[{"count":1,"href":"https:\/\/www.fotoseminario.net\/1sem\/wp-json\/wp\/v2\/pages\/420\/revisions"}],"predecessor-version":[{"id":421,"href":"https:\/\/www.fotoseminario.net\/1sem\/wp-json\/wp\/v2\/pages\/420\/revisions\/421"}],"wp:attachment":[{"href":"https:\/\/www.fotoseminario.net\/1sem\/wp-json\/wp\/v2\/media?parent=420"}],"curies":[{"name":"wp","href":"https:\/\/api.w.org\/{rel}","templated":true}]}}