{"id":424,"date":"2025-02-22T04:14:25","date_gmt":"2025-02-22T04:14:25","guid":{"rendered":"https:\/\/www.fotoseminario.net\/1sem\/?page_id=424"},"modified":"2025-06-20T18:51:09","modified_gmt":"2025-06-20T18:51:09","slug":"silvia-blume-silvia-pinera","status":"publish","type":"page","link":"https:\/\/www.fotoseminario.net\/1sem\/silvia-blume-silvia-pinera\/","title":{"rendered":"Silvia Blume (Silvia Pi\u00f1era)"},"content":{"rendered":"\n<div class=\"wp-block-columns is-layout-flex wp-container-core-columns-is-layout-28f84493 wp-block-columns-is-layout-flex\">\n<div class=\"wp-block-column is-layout-flow wp-block-column-is-layout-flow\" style=\"flex-basis:66.66%\">\n<p>Ciudad de M\u00e9xico, 1981. Ilustradora y fot\u00f3grafa. Estudi\u00f3 Ingenier\u00eda Mec\u00e1nica y los posgrados en Ciencia de los Materiales y Filosof\u00eda de la Ciencia. Cuenta con estudios de doctorado en Humanidades con el tema de Frankenstein y la representaci\u00f3n del ser humano como monstruo, el cual ha impartido en distintas charlas (como en las Jornadas de Horror de la Feria Internacional del Libro del Palacio de Miner\u00eda 2018, para las cuales tambi\u00e9n hizo la imagen del cartel y redes sociales) y clases de literatura como profesora invitada, adem\u00e1s del taller Arte y Ciencia, inspiraciones di\u00e1logos y puntos de encuentro en La Qui\u00f1onera en 2016. Siempre le ha gustado el arte y la literatura, por lo que, junto con su formaci\u00f3n en ciencias, sus proyectos han estado enfocados a entrelazar distintas disciplinas para hablar del ser humano, los monstruos y las m\u00e1quinas. Ha trabajado en gesti\u00f3n cultural en los colectivos Mengambrea Factory y Gr\u00e1fica Humana. En el \u00e1mbito art\u00edstico, algunas de sus fotograf\u00edas han sido publicadas en la revista&nbsp;<em>Newsweek<\/em>&nbsp;(diciembre de 2018) y ha expuesto como ilustradora y fot\u00f3grafa en distintas ciudades de M\u00e9xico (Guaymas, julio de 2015; Facultad de Qu\u00edmica, UNAM, noviembre de 2015), as\u00ed como en Tokio y Barcelona.<\/p>\n<\/div>\n\n\n\n<div class=\"wp-block-column is-layout-flow wp-block-column-is-layout-flow\" style=\"flex-basis:33.33%\">\n<figure class=\"wp-block-image aligncenter size-medium is-resized\"><img loading=\"lazy\" decoding=\"async\" width=\"200\" height=\"300\" src=\"https:\/\/www.fotoseminario.net\/1sem\/wp-content\/uploads\/2024\/06\/Silvia_personal-200x300.jpg\" alt=\"\" class=\"wp-image-134\" style=\"width:220px;height:auto\" srcset=\"https:\/\/www.fotoseminario.net\/1sem\/wp-content\/uploads\/2024\/06\/Silvia_personal-200x300.jpg 200w, https:\/\/www.fotoseminario.net\/1sem\/wp-content\/uploads\/2024\/06\/Silvia_personal-683x1024.jpg 683w, https:\/\/www.fotoseminario.net\/1sem\/wp-content\/uploads\/2024\/06\/Silvia_personal-768x1152.jpg 768w, https:\/\/www.fotoseminario.net\/1sem\/wp-content\/uploads\/2024\/06\/Silvia_personal-1024x1536.jpg 1024w, https:\/\/www.fotoseminario.net\/1sem\/wp-content\/uploads\/2024\/06\/Silvia_personal.jpg 1365w\" sizes=\"auto, (max-width: 200px) 100vw, 200px\" \/><\/figure>\n<\/div>\n<\/div>\n\n\n\n<div style=\"height:50px\" aria-hidden=\"true\" class=\"wp-block-spacer\"><\/div>\n","protected":false},"excerpt":{"rendered":"<p>Ciudad de M\u00e9xico, 1981. Ilustradora y fot\u00f3grafa. Estudi\u00f3 Ingenier\u00eda Mec\u00e1nica y los posgrados en Ciencia de los Materiales y Filosof\u00eda de la Ciencia. Cuenta con estudios de doctorado en Humanidades con el tema de Frankenstein y la representaci\u00f3n del ser humano como monstruo, el cual ha impartido en distintas charlas (como en las Jornadas de [&hellip;]<\/p>\n","protected":false},"author":1,"featured_media":0,"parent":0,"menu_order":0,"comment_status":"closed","ping_status":"closed","template":"","meta":{"footnotes":""},"class_list":["post-424","page","type-page","status-publish","hentry"],"_links":{"self":[{"href":"https:\/\/www.fotoseminario.net\/1sem\/wp-json\/wp\/v2\/pages\/424","targetHints":{"allow":["GET"]}}],"collection":[{"href":"https:\/\/www.fotoseminario.net\/1sem\/wp-json\/wp\/v2\/pages"}],"about":[{"href":"https:\/\/www.fotoseminario.net\/1sem\/wp-json\/wp\/v2\/types\/page"}],"author":[{"embeddable":true,"href":"https:\/\/www.fotoseminario.net\/1sem\/wp-json\/wp\/v2\/users\/1"}],"replies":[{"embeddable":true,"href":"https:\/\/www.fotoseminario.net\/1sem\/wp-json\/wp\/v2\/comments?post=424"}],"version-history":[{"count":2,"href":"https:\/\/www.fotoseminario.net\/1sem\/wp-json\/wp\/v2\/pages\/424\/revisions"}],"predecessor-version":[{"id":606,"href":"https:\/\/www.fotoseminario.net\/1sem\/wp-json\/wp\/v2\/pages\/424\/revisions\/606"}],"wp:attachment":[{"href":"https:\/\/www.fotoseminario.net\/1sem\/wp-json\/wp\/v2\/media?parent=424"}],"curies":[{"name":"wp","href":"https:\/\/api.w.org\/{rel}","templated":true}]}}