{"id":426,"date":"2025-02-22T04:14:54","date_gmt":"2025-02-22T04:14:54","guid":{"rendered":"https:\/\/www.fotoseminario.net\/1sem\/?page_id=426"},"modified":"2025-02-22T04:14:54","modified_gmt":"2025-02-22T04:14:54","slug":"esteban-reyes-evan","status":"publish","type":"page","link":"https:\/\/www.fotoseminario.net\/1sem\/esteban-reyes-evan\/","title":{"rendered":"Esteban Reyes (Evan)"},"content":{"rendered":"\n<p>Artista e investigador, su trabajo es en torno a la fotograf\u00eda como sentido en construcci\u00f3n a partir de indagaciones con la temporalidad en t\u00e9rminos de su representaci\u00f3n. Es ingeniero en electr\u00f3nica por la UNAM, maestro en arte por el Instituto Cultural Hel\u00e9nico y actualmente es estudiante del doctorado en historia y Teor\u00eda Cr\u00edtica del Arte por la Universidad Iberoamericana. Desde 2015 comenz\u00f3 su formaci\u00f3n como fot\u00f3grafo y ha mantenido una educaci\u00f3n continua en temas relacionados con la historia del arte, la filosof\u00eda y la teor\u00eda de la imagen. Est\u00e1 inmerso en estudios de teor\u00eda del cine y an\u00e1lisis cinematogr\u00e1fico. A partir del 2019 ha participado como ponente y moderador en distintos coloquios y seminarios de arte y fotograf\u00eda. Como artista visual ha realizado 18 exposiciones individuales desde 2016, formado parte de festivales art\u00edsticos, colecciones itinerantes y llevado su obra a distintos recintos culturales y galer\u00edas en M\u00e9xico.<\/p>\n\n\n\n<div style=\"height:50px\" aria-hidden=\"true\" class=\"wp-block-spacer\"><\/div>\n","protected":false},"excerpt":{"rendered":"<p>Artista e investigador, su trabajo es en torno a la fotograf\u00eda como sentido en construcci\u00f3n a partir de indagaciones con la temporalidad en t\u00e9rminos de su representaci\u00f3n. Es ingeniero en electr\u00f3nica por la UNAM, maestro en arte por el Instituto Cultural Hel\u00e9nico y actualmente es estudiante del doctorado en historia y Teor\u00eda Cr\u00edtica del Arte [&hellip;]<\/p>\n","protected":false},"author":1,"featured_media":0,"parent":0,"menu_order":0,"comment_status":"closed","ping_status":"closed","template":"","meta":{"footnotes":""},"class_list":["post-426","page","type-page","status-publish","hentry"],"_links":{"self":[{"href":"https:\/\/www.fotoseminario.net\/1sem\/wp-json\/wp\/v2\/pages\/426","targetHints":{"allow":["GET"]}}],"collection":[{"href":"https:\/\/www.fotoseminario.net\/1sem\/wp-json\/wp\/v2\/pages"}],"about":[{"href":"https:\/\/www.fotoseminario.net\/1sem\/wp-json\/wp\/v2\/types\/page"}],"author":[{"embeddable":true,"href":"https:\/\/www.fotoseminario.net\/1sem\/wp-json\/wp\/v2\/users\/1"}],"replies":[{"embeddable":true,"href":"https:\/\/www.fotoseminario.net\/1sem\/wp-json\/wp\/v2\/comments?post=426"}],"version-history":[{"count":1,"href":"https:\/\/www.fotoseminario.net\/1sem\/wp-json\/wp\/v2\/pages\/426\/revisions"}],"predecessor-version":[{"id":427,"href":"https:\/\/www.fotoseminario.net\/1sem\/wp-json\/wp\/v2\/pages\/426\/revisions\/427"}],"wp:attachment":[{"href":"https:\/\/www.fotoseminario.net\/1sem\/wp-json\/wp\/v2\/media?parent=426"}],"curies":[{"name":"wp","href":"https:\/\/api.w.org\/{rel}","templated":true}]}}