{"id":428,"date":"2025-02-22T04:15:26","date_gmt":"2025-02-22T04:15:26","guid":{"rendered":"https:\/\/www.fotoseminario.net\/1sem\/?page_id=428"},"modified":"2025-06-20T18:47:56","modified_gmt":"2025-06-20T18:47:56","slug":"german-romero-martinez","status":"publish","type":"page","link":"https:\/\/www.fotoseminario.net\/1sem\/german-romero-martinez\/","title":{"rendered":"Germ\u00e1n Romero Mart\u00ednez"},"content":{"rendered":"\n<div class=\"wp-block-columns is-layout-flex wp-container-core-columns-is-layout-28f84493 wp-block-columns-is-layout-flex\">\n<div class=\"wp-block-column is-layout-flow wp-block-column-is-layout-flow\" style=\"flex-basis:66.66%\">\n<p>Xalapa, Veracruz, 1976. Sus proyectos parten de la vivencia cotidiana y lo ordinario para explorar las relaciones entre el territorio, la memoria e identidad. Es egresado de la Facultad de Artes Pl\u00e1sticas, opci\u00f3n Fotograf\u00eda, de la Universidad Veracruzana. Ha desarrollado proyectos en temas humanistas desde una visi\u00f3n documentalista en antropolog\u00eda y filosof\u00eda aplicada. Ha sido beneficiado en dos ocasiones por el Programa de Est\u00edmulo a la Creaci\u00f3n y al Desarrollo Art\u00edstico de Veracruz Conaculta-Ivec, en la categor\u00eda de J\u00f3venes Creadores, as\u00ed como dos veces por el Programa de Fomento a Proyectos y Coinversiones Culturales Fonca-Conaculta. Su obra ha sido reconocida en varias ocasiones, se ha presentado en exposiciones colectivas e individuales. Su trabajo comercial se centra en temas de&nbsp;<em>branding&nbsp;<\/em>social con \u00e9nfasis en el manejo del retrato ambiental y de estudio.<\/p>\n<\/div>\n\n\n\n<div class=\"wp-block-column is-layout-flow wp-block-column-is-layout-flow\" style=\"flex-basis:33.33%\">\n<figure class=\"wp-block-image aligncenter size-large is-resized\"><img loading=\"lazy\" decoding=\"async\" width=\"683\" height=\"1024\" src=\"https:\/\/www.fotoseminario.net\/1sem\/wp-content\/uploads\/2024\/06\/grm_Foto_personal_german_romero-683x1024.jpg\" alt=\"\" class=\"wp-image-96\" style=\"width:191px;height:auto\" srcset=\"https:\/\/www.fotoseminario.net\/1sem\/wp-content\/uploads\/2024\/06\/grm_Foto_personal_german_romero-683x1024.jpg 683w, https:\/\/www.fotoseminario.net\/1sem\/wp-content\/uploads\/2024\/06\/grm_Foto_personal_german_romero-200x300.jpg 200w, https:\/\/www.fotoseminario.net\/1sem\/wp-content\/uploads\/2024\/06\/grm_Foto_personal_german_romero-768x1152.jpg 768w, https:\/\/www.fotoseminario.net\/1sem\/wp-content\/uploads\/2024\/06\/grm_Foto_personal_german_romero-1024x1536.jpg 1024w, https:\/\/www.fotoseminario.net\/1sem\/wp-content\/uploads\/2024\/06\/grm_Foto_personal_german_romero.jpg 1365w\" sizes=\"auto, (max-width: 683px) 100vw, 683px\" \/><\/figure>\n<\/div>\n<\/div>\n\n\n\n<div style=\"height:50px\" aria-hidden=\"true\" class=\"wp-block-spacer\"><\/div>\n","protected":false},"excerpt":{"rendered":"<p>Xalapa, Veracruz, 1976. Sus proyectos parten de la vivencia cotidiana y lo ordinario para explorar las relaciones entre el territorio, la memoria e identidad. Es egresado de la Facultad de Artes Pl\u00e1sticas, opci\u00f3n Fotograf\u00eda, de la Universidad Veracruzana. Ha desarrollado proyectos en temas humanistas desde una visi\u00f3n documentalista en antropolog\u00eda y filosof\u00eda aplicada. Ha sido [&hellip;]<\/p>\n","protected":false},"author":1,"featured_media":0,"parent":0,"menu_order":0,"comment_status":"closed","ping_status":"closed","template":"","meta":{"footnotes":""},"class_list":["post-428","page","type-page","status-publish","hentry"],"_links":{"self":[{"href":"https:\/\/www.fotoseminario.net\/1sem\/wp-json\/wp\/v2\/pages\/428","targetHints":{"allow":["GET"]}}],"collection":[{"href":"https:\/\/www.fotoseminario.net\/1sem\/wp-json\/wp\/v2\/pages"}],"about":[{"href":"https:\/\/www.fotoseminario.net\/1sem\/wp-json\/wp\/v2\/types\/page"}],"author":[{"embeddable":true,"href":"https:\/\/www.fotoseminario.net\/1sem\/wp-json\/wp\/v2\/users\/1"}],"replies":[{"embeddable":true,"href":"https:\/\/www.fotoseminario.net\/1sem\/wp-json\/wp\/v2\/comments?post=428"}],"version-history":[{"count":4,"href":"https:\/\/www.fotoseminario.net\/1sem\/wp-json\/wp\/v2\/pages\/428\/revisions"}],"predecessor-version":[{"id":602,"href":"https:\/\/www.fotoseminario.net\/1sem\/wp-json\/wp\/v2\/pages\/428\/revisions\/602"}],"wp:attachment":[{"href":"https:\/\/www.fotoseminario.net\/1sem\/wp-json\/wp\/v2\/media?parent=428"}],"curies":[{"name":"wp","href":"https:\/\/api.w.org\/{rel}","templated":true}]}}