{"id":431,"date":"2025-02-22T04:16:35","date_gmt":"2025-02-22T04:16:35","guid":{"rendered":"https:\/\/www.fotoseminario.net\/1sem\/?page_id=431"},"modified":"2025-02-22T04:16:35","modified_gmt":"2025-02-22T04:16:35","slug":"leticia-torres-hernandez","status":"publish","type":"page","link":"https:\/\/www.fotoseminario.net\/1sem\/leticia-torres-hernandez\/","title":{"rendered":"Leticia Torres Hern\u00e1ndez"},"content":{"rendered":"\n<p>Historiadora del arte por la Universidad Iberoamericana, es investigadora del Centro Nacional de Investigaci\u00f3n, Documentaci\u00f3n e Informaci\u00f3n de Artes Pl\u00e1sticas del Instituto Nacional de Bellas Artes, donde, entre otros proyectos, ha trabajado la obra de Carlos M\u00e9rida, Isabel Villase\u00f1or y Mathias Goeritz. Ha publicado varios libros, como\u00a0<em>Escritos de Carlos M\u00e9rida sobre arte: el muralismo<\/em>;\u00a0<em>En memoria de un rostro: Isabel Villase\u00f1or<\/em>;\u00a0<em>En contra la academia de pintura: el \u00a130-30!,<\/em>\u00a0y\u00a0<em>Escritos pol\u00e9micos de Diego Rivera, antolog\u00eda completa de escritos de Carlos M\u00e9rida<\/em>, in\u00e9dito, y ha colaborado en varios libros colectivos como\u00a0<em>La mirada ante lo invisible<\/em>;\u00a0<em>Fractura y memoria: un siglo de violencia y trauma cultural en el arte mexicano moderno y contempor\u00e1neo<\/em>;\u00a0<em>Codo a codo: parejas de artistas en M\u00e9xico<\/em>. Particip\u00f3 como investigadora en el proyecto Documents of 20th Century Latin American and Latino Art Project del International Center of the Arts of the Americas del Museo de Arte de Houston. Ha publicado diversos ensayos e intervenido como ponente en varios foros. Actualmente forma parte del equipo, junto con Carmen G\u00f3mez del Campo, Ana Mar\u00eda Rodr\u00edguez y Er\u00e9ndira Mel\u00e9ndez, del proyecto La cer\u00e1mica contempor\u00e1nea en M\u00e9xico, que ha dado productos como el Fondo documental de cer\u00e1mica, diversos textos y un video titulado\u00a0<em>Una mirada a la cer\u00e1mica contempor\u00e1nea en M\u00e9xico.<\/em><\/p>\n\n\n\n<div style=\"height:50px\" aria-hidden=\"true\" class=\"wp-block-spacer\"><\/div>\n","protected":false},"excerpt":{"rendered":"<p>Historiadora del arte por la Universidad Iberoamericana, es investigadora del Centro Nacional de Investigaci\u00f3n, Documentaci\u00f3n e Informaci\u00f3n de Artes Pl\u00e1sticas del Instituto Nacional de Bellas Artes, donde, entre otros proyectos, ha trabajado la obra de Carlos M\u00e9rida, Isabel Villase\u00f1or y Mathias Goeritz. Ha publicado varios libros, como\u00a0Escritos de Carlos M\u00e9rida sobre arte: el muralismo;\u00a0En memoria [&hellip;]<\/p>\n","protected":false},"author":1,"featured_media":0,"parent":0,"menu_order":0,"comment_status":"closed","ping_status":"closed","template":"","meta":{"footnotes":""},"class_list":["post-431","page","type-page","status-publish","hentry"],"_links":{"self":[{"href":"https:\/\/www.fotoseminario.net\/1sem\/wp-json\/wp\/v2\/pages\/431","targetHints":{"allow":["GET"]}}],"collection":[{"href":"https:\/\/www.fotoseminario.net\/1sem\/wp-json\/wp\/v2\/pages"}],"about":[{"href":"https:\/\/www.fotoseminario.net\/1sem\/wp-json\/wp\/v2\/types\/page"}],"author":[{"embeddable":true,"href":"https:\/\/www.fotoseminario.net\/1sem\/wp-json\/wp\/v2\/users\/1"}],"replies":[{"embeddable":true,"href":"https:\/\/www.fotoseminario.net\/1sem\/wp-json\/wp\/v2\/comments?post=431"}],"version-history":[{"count":1,"href":"https:\/\/www.fotoseminario.net\/1sem\/wp-json\/wp\/v2\/pages\/431\/revisions"}],"predecessor-version":[{"id":432,"href":"https:\/\/www.fotoseminario.net\/1sem\/wp-json\/wp\/v2\/pages\/431\/revisions\/432"}],"wp:attachment":[{"href":"https:\/\/www.fotoseminario.net\/1sem\/wp-json\/wp\/v2\/media?parent=431"}],"curies":[{"name":"wp","href":"https:\/\/api.w.org\/{rel}","templated":true}]}}