{"id":472,"date":"2025-02-22T17:04:21","date_gmt":"2025-02-22T17:04:21","guid":{"rendered":"https:\/\/www.fotoseminario.net\/1sem\/?page_id=472"},"modified":"2025-10-13T18:00:43","modified_gmt":"2025-10-13T18:00:43","slug":"portada","status":"publish","type":"page","link":"https:\/\/www.fotoseminario.net\/1sem\/","title":{"rendered":"Portada"},"content":{"rendered":"\n<div class=\"wp-block-columns are-vertically-aligned-center is-layout-flex wp-container-core-columns-is-layout-47c06fe3 wp-block-columns-is-layout-flex\" style=\"box-shadow:none\">\n<div class=\"wp-block-column is-vertically-aligned-center is-layout-flow wp-block-column-is-layout-flow\" style=\"flex-basis:25%\">\n<h3 class=\"wp-block-heading\"><a href=\"https:\/\/www.fotoseminario.net\/1sem\/el-seminario\/\" data-type=\"page\" data-id=\"142\">EL SEMINARIO<\/a><\/h3>\n\n\n\n<h3 class=\"wp-block-heading\"><a href=\"https:\/\/www.fotoseminario.net\/1sem\/el-cuerpo\/\" data-type=\"page\" data-id=\"168\">PRODUCCI\u00d3N<\/a><\/h3>\n\n\n\n<h3 class=\"wp-block-heading\"><a href=\"https:\/\/www.fotoseminario.net\/1sem\/integrantes\/\" data-type=\"page\" data-id=\"331\">INTEGRANTES<\/a><\/h3>\n\n\n\n<h3 class=\"wp-block-heading\"><a href=\"https:\/\/www.fotoseminario.net\/1sem\/contacto\/\" data-type=\"page\" data-id=\"576\">CONTACTO<\/a><\/h3>\n<\/div>\n\n\n\n<div class=\"wp-block-column is-vertically-aligned-center is-layout-flow wp-block-column-is-layout-flow\" style=\"flex-basis:75%\">\n<figure class=\"wp-block-image size-full is-style-default\"><img loading=\"lazy\" decoding=\"async\" width=\"1200\" height=\"433\" src=\"https:\/\/www.fotoseminario.net\/1sem\/wp-content\/uploads\/2025\/10\/LOGO_cab_SFRD.png\" alt=\"\" class=\"wp-image-630\" style=\"aspect-ratio:4\/3;object-fit:contain\" srcset=\"https:\/\/www.fotoseminario.net\/1sem\/wp-content\/uploads\/2025\/10\/LOGO_cab_SFRD.png 1200w, https:\/\/www.fotoseminario.net\/1sem\/wp-content\/uploads\/2025\/10\/LOGO_cab_SFRD-300x108.png 300w, https:\/\/www.fotoseminario.net\/1sem\/wp-content\/uploads\/2025\/10\/LOGO_cab_SFRD-1024x369.png 1024w, https:\/\/www.fotoseminario.net\/1sem\/wp-content\/uploads\/2025\/10\/LOGO_cab_SFRD-768x277.png 768w\" sizes=\"auto, (max-width: 1200px) 100vw, 1200px\" \/><\/figure>\n<\/div>\n<\/div>\n\n\n\n<div style=\"height:10px\" aria-hidden=\"true\" class=\"wp-block-spacer\"><\/div>\n\n\n\n<p>El Seminario de Fotograf\u00eda del Cenidiap (Estrategias de representaci\u00f3n y recursos discursivos) se plantea como un espacio acad\u00e9mico dedicado a la reflexi\u00f3n y producci\u00f3n de obras visuales basadas en fotograf\u00eda. Sus actividades toman como punto de partida un dise\u00f1o metodol\u00f3gico que busca describir y analizar las decisiones creativas de las y los autores para ubicar los g\u00e9neros, las tem\u00e1ticas y las alternativas formales en las que se inscriben, es decir, lo que&nbsp;<em>es representado,<\/em>&nbsp;y tratar de discernir cruces con diferentes posibilidades de articulaci\u00f3n discursiva, con la intenci\u00f3n no solo de reconocer categor\u00edas estil\u00edsticas, sino tambi\u00e9n las intenciones y los motivos que permean la creaci\u00f3n fotogr\u00e1fica.<\/p>\n\n\n\n<p><a href=\"https:\/\/www.fotoseminario.net\/1sem\/el-seminario\/\" data-type=\"page\" data-id=\"142\">Leer m\u00e1s sobre el seminario<\/a><\/p>\n\n\n\n<div style=\"height:5px\" aria-hidden=\"true\" class=\"wp-block-spacer\"><\/div>\n\n\n\n<h2 class=\"wp-block-heading has-text-align-center\"><\/h2>\n\n\n\n<div style=\"height:59px\" aria-hidden=\"true\" class=\"wp-block-spacer\"><\/div>\n\n\n\n<figure class=\"wp-block-image size-full no-lightbox\"><a href=\"https:\/\/www.fotoseminario.net\/1sem\/el-cuerpo\/\"><img loading=\"lazy\" decoding=\"async\" width=\"998\" height=\"490\" src=\"https:\/\/www.fotoseminario.net\/1sem\/wp-content\/uploads\/2024\/06\/Banner_CUERPO.jpg\" alt=\"\" class=\"wp-image-163\" srcset=\"https:\/\/www.fotoseminario.net\/1sem\/wp-content\/uploads\/2024\/06\/Banner_CUERPO.jpg 998w, https:\/\/www.fotoseminario.net\/1sem\/wp-content\/uploads\/2024\/06\/Banner_CUERPO-300x147.jpg 300w, https:\/\/www.fotoseminario.net\/1sem\/wp-content\/uploads\/2024\/06\/Banner_CUERPO-768x377.jpg 768w\" sizes=\"auto, (max-width: 998px) 100vw, 998px\" \/><\/a><\/figure>\n\n\n\n<div style=\"height:100px\" aria-hidden=\"true\" class=\"wp-block-spacer\"><\/div>\n\n\n\n<p><\/p>\n","protected":false},"excerpt":{"rendered":"<p>EL SEMINARIO PRODUCCI\u00d3N INTEGRANTES CONTACTO El Seminario de Fotograf\u00eda del Cenidiap (Estrategias de representaci\u00f3n y recursos discursivos) se plantea como un espacio acad\u00e9mico dedicado a la reflexi\u00f3n y producci\u00f3n de obras visuales basadas en fotograf\u00eda. Sus actividades toman como punto de partida un dise\u00f1o metodol\u00f3gico que busca describir y analizar las decisiones creativas de las [&hellip;]<\/p>\n","protected":false},"author":1,"featured_media":0,"parent":0,"menu_order":0,"comment_status":"closed","ping_status":"closed","template":"page-no-title","meta":{"footnotes":""},"class_list":["post-472","page","type-page","status-publish","hentry"],"_links":{"self":[{"href":"https:\/\/www.fotoseminario.net\/1sem\/wp-json\/wp\/v2\/pages\/472","targetHints":{"allow":["GET"]}}],"collection":[{"href":"https:\/\/www.fotoseminario.net\/1sem\/wp-json\/wp\/v2\/pages"}],"about":[{"href":"https:\/\/www.fotoseminario.net\/1sem\/wp-json\/wp\/v2\/types\/page"}],"author":[{"embeddable":true,"href":"https:\/\/www.fotoseminario.net\/1sem\/wp-json\/wp\/v2\/users\/1"}],"replies":[{"embeddable":true,"href":"https:\/\/www.fotoseminario.net\/1sem\/wp-json\/wp\/v2\/comments?post=472"}],"version-history":[{"count":27,"href":"https:\/\/www.fotoseminario.net\/1sem\/wp-json\/wp\/v2\/pages\/472\/revisions"}],"predecessor-version":[{"id":632,"href":"https:\/\/www.fotoseminario.net\/1sem\/wp-json\/wp\/v2\/pages\/472\/revisions\/632"}],"wp:attachment":[{"href":"https:\/\/www.fotoseminario.net\/1sem\/wp-json\/wp\/v2\/media?parent=472"}],"curies":[{"name":"wp","href":"https:\/\/api.w.org\/{rel}","templated":true}]}}