{"id":576,"date":"2025-04-09T19:33:28","date_gmt":"2025-04-09T19:33:28","guid":{"rendered":"https:\/\/www.fotoseminario.net\/1sem\/?page_id=576"},"modified":"2025-04-09T19:33:58","modified_gmt":"2025-04-09T19:33:58","slug":"contacto","status":"publish","type":"page","link":"https:\/\/www.fotoseminario.net\/1sem\/contacto\/","title":{"rendered":"Contacto"},"content":{"rendered":"\n<div style=\"height:78px\" aria-hidden=\"true\" class=\"wp-block-spacer\"><\/div>\n\n\n\n<p><a href=\"mailto:seminariofotografia@inba.edu.mx\">seminariofotografia@inba.edu.mx<\/a><\/p>\n\n\n\n<p><a href=\"https:\/\/www.fotoseminario.net\/1sem\/cesar-g-palomino\/\">C\u00e9sar G. Palomino<\/a><br>Coordinador del seminario<\/p>\n\n\n\n<p><\/p>\n\n\n\n<p>Centro Nacional de Investigaci\u00f3n, Documentaci\u00f3n e Informaci\u00f3n de Artes Pl\u00e1sticas<\/p>\n\n\n\n<h6 class=\"wp-block-heading\">R\u00edo Churubusco no. 79 col. Country Club, Alcald\u00eda Coyoac\u00e1n, CP 04220, Ciudad de M\u00e9xico<br>Piso 9, Torre de Investigaci\u00f3n, Centro Nacional de las Artes<\/h6>\n\n\n\n<p><\/p>\n","protected":false},"excerpt":{"rendered":"<p>seminariofotografia@inba.edu.mx C\u00e9sar G. PalominoCoordinador del seminario Centro Nacional de Investigaci\u00f3n, Documentaci\u00f3n e Informaci\u00f3n de Artes Pl\u00e1sticas R\u00edo Churubusco no. 79 col. Country Club, Alcald\u00eda Coyoac\u00e1n, CP 04220, Ciudad de M\u00e9xicoPiso 9, Torre de Investigaci\u00f3n, Centro Nacional de las Artes<\/p>\n","protected":false},"author":1,"featured_media":0,"parent":0,"menu_order":0,"comment_status":"closed","ping_status":"closed","template":"","meta":{"footnotes":""},"class_list":["post-576","page","type-page","status-publish","hentry"],"_links":{"self":[{"href":"https:\/\/www.fotoseminario.net\/1sem\/wp-json\/wp\/v2\/pages\/576","targetHints":{"allow":["GET"]}}],"collection":[{"href":"https:\/\/www.fotoseminario.net\/1sem\/wp-json\/wp\/v2\/pages"}],"about":[{"href":"https:\/\/www.fotoseminario.net\/1sem\/wp-json\/wp\/v2\/types\/page"}],"author":[{"embeddable":true,"href":"https:\/\/www.fotoseminario.net\/1sem\/wp-json\/wp\/v2\/users\/1"}],"replies":[{"embeddable":true,"href":"https:\/\/www.fotoseminario.net\/1sem\/wp-json\/wp\/v2\/comments?post=576"}],"version-history":[{"count":2,"href":"https:\/\/www.fotoseminario.net\/1sem\/wp-json\/wp\/v2\/pages\/576\/revisions"}],"predecessor-version":[{"id":578,"href":"https:\/\/www.fotoseminario.net\/1sem\/wp-json\/wp\/v2\/pages\/576\/revisions\/578"}],"wp:attachment":[{"href":"https:\/\/www.fotoseminario.net\/1sem\/wp-json\/wp\/v2\/media?parent=576"}],"curies":[{"name":"wp","href":"https:\/\/api.w.org\/{rel}","templated":true}]}}