{"id":86,"date":"2024-06-21T13:36:11","date_gmt":"2024-06-21T13:36:11","guid":{"rendered":"https:\/\/www.fotoseminario.net\/1sem\/?page_id=86"},"modified":"2025-06-20T18:33:38","modified_gmt":"2025-06-20T18:33:38","slug":"ulisesbuenaventura","status":"publish","type":"page","link":"https:\/\/www.fotoseminario.net\/1sem\/ulisesbuenaventura\/","title":{"rendered":"@ulises_buenaventura"},"content":{"rendered":"\n<p>Germ\u00e1n Romero<\/p>\n\n\n\n<p>La primera vez que conoc\u00ed a Ulises fue cuando requer\u00eda hacer un viaje. Hablamos poco, de cosas comunes: el clima, el trabajo, el tr\u00e1nsito. Regres\u00e9 a m\u00ed mismo casi de manera inmediata. El uso de un medio de transporte por aplicaci\u00f3n tiene sus conveniencias.<\/p>\n\n\n<div class='yrm-content yrm-content-1 yrm-content-hide ' id='yrm-DbpuN' data-id='1' data-show-status='false' data-after-action='' style=\"visibility: hidden;height: 0;\">\n\t\t\t<div id='yrm-inner-content-yrm-DbpuN' class='yrm-inner-content-wrapper yrm-cntent-1'><\/p>\n\n\n\n<p>Una de las cosas que me llamaron la atenci\u00f3n en ese momento fue lo sencillo que result\u00f3 el trayecto. Hola, qu\u00e9 tal, silencio, gracias, que tenga un buen d\u00eda. Obviamos, yo obvi\u00e9 al otro. No puedo recordar nada particular de \u00e9l o de ning\u00fan otro. Quiz\u00e1 sea por qu\u00e9 no puse atenci\u00f3n, quiz\u00e1 por que realmente no importa. Los conductores son gen\u00e9ricos.<\/p>\n\n\n\n<p>Cada uno tiene una historia personal, pero eso no importa. La naturaleza de las <em>apps<\/em> que funcionan como enlace entre alguien que busca un servicio y otro que lo provee no ayuda al anonimato. Son trabajos considerados como temporales. Hechos a la conveniencia del tiempo de todos. No hay una relaci\u00f3n estrecha ni un sentido de comunidad. Es dif\u00edcil que volvamos a coincidir.<\/p>\n\n\n\n<p>Pero sucedi\u00f3. Coincid\u00ed con Ulises de nuevo. Esta vez me esforc\u00e9 un poco m\u00e1s en poner atenci\u00f3n. Lo eventual paso a ser casual. Hay algo curioso en lo cotidiano. En otras circunstancias hubiera recurrido m\u00e1s seguido a sus servicios. Confiable, taciturno, concentrado, diligente, eficiente. Pero no me atrev\u00ed a pedir su n\u00famero ni indagar m\u00e1s sobre si era algo que pudiera hacer de la manera regular. Me dijo que era algo eventual y ah\u00ed quedo.<\/p>\n\n\n\n<p>La \u00faltima vez que supe de Ulises fue porque postea (o al menos as\u00ed lo hac\u00eda) en una cuenta de IG fotos de sus trayectos. Esta parte me parece interesante. Como muchos de nosotros comparte mediante una <em>app<\/em> la visi\u00f3n de su mundo.<\/p>\n\n\n\n<p>Pero su visi\u00f3n no es cualquiera. No hay mucho que ver. Siempre parece el mismo. Fiel a s\u00ed mismo es \u00e9l todo el tiempo y a\u00fan as\u00ed logra ser nadie. Justamente como cuando lo conoc\u00ed la primera vez. Es eficiente, reemplazable, funcional dentro de un sistema de movilidad, pero parece carecer de una identidad propia.<\/p>\n\n\n\n<p>Su vida transcurre desde su puesto de trabajo. Tiene la restricci\u00f3n y la identidad de quien ejecuta, siempre es \u00e9l. Es aut\u00e9ntico y completamente reemplazable. No sabemos m\u00e1s. Pudiera ser yo, sentado en mi oficina, viendo al monitor, tomando decisiones, sinti\u00e9ndome en control, pero a la deriva, con mi destino en funci\u00f3n de las decisiones y rumbos de alguien m\u00e1s. Al ver sus fotos me dieron ganas de salir al mundo, ver qu\u00e9 m\u00e1s hab\u00eda visto Ulises, qu\u00e9 partes de la ciudad me pod\u00eda presentar que no son conocidas y que otras s\u00ed. Quise su libertad de andar. Y luego me acord\u00e9 de ese otro personaje de una historia, donde est\u00e1 condenado a cargar una piedra hac\u00eda lo alto de una monta\u00f1a, para luego tener que caer de vuelta al inicio, levantarse y comenzar de nuevo su trayecto. As\u00ed hasta la eternidad.<\/p>\n\n\n\n<p><\/div>\n\t\t<\/div><div class='yrm-btn-wrapper yrm-btn-wrapper-1 yrm-more-button-wrapper  '\n\t\tdata-custom-more-class-name='' data-custom-less-class-name=''><span title='Leer m\u00e1s' data-less-title='Esconder texto' data-more-title='Leer m\u00e1s' class='yrm-toggle-expand  yrm-toggle-expand-1 ' data-rel='yrm-DbpuN' data-more='Leer m\u00e1s \u25bc' data-less='Esconder texto \u25b2'><span class='yrm-text-wrapper yrm-text-wrapper-custom-dimensions'><span class=\"yrm-button-text-1 yrm-button-text-span\">Leer m\u00e1s \u25bc<\/span><\/span><\/span><\/div>\n\n\n\n<div style=\"height:80px\" aria-hidden=\"true\" class=\"wp-block-spacer\"><\/div>\n\n\n\n<div class=\"wp-block-group alignfull is-nowrap is-layout-flex wp-container-core-group-is-layout-6c531013 wp-block-group-is-layout-flex\">\n<div class=\"wp-block-columns wp-container-content-9cfa9a5a is-layout-flex wp-container-core-columns-is-layout-928da7ac wp-block-columns-is-layout-flex\" style=\"margin-top:0;margin-bottom:0;padding-top:0;padding-right:var(--wp--preset--spacing--10);padding-bottom:0;padding-left:var(--wp--preset--spacing--10)\">\n<div class=\"wp-block-column is-layout-flow wp-block-column-is-layout-flow\">\n<figure class=\"wp-block-image size-large\"><img loading=\"lazy\" decoding=\"async\" width=\"1024\" height=\"576\" src=\"https:\/\/www.fotoseminario.net\/1sem\/wp-content\/uploads\/2024\/06\/grm_04a_presentacion-1024x576.jpg\" alt=\"\" class=\"wp-image-91\" srcset=\"https:\/\/www.fotoseminario.net\/1sem\/wp-content\/uploads\/2024\/06\/grm_04a_presentacion-1024x576.jpg 1024w, https:\/\/www.fotoseminario.net\/1sem\/wp-content\/uploads\/2024\/06\/grm_04a_presentacion-300x169.jpg 300w, https:\/\/www.fotoseminario.net\/1sem\/wp-content\/uploads\/2024\/06\/grm_04a_presentacion-768x432.jpg 768w, https:\/\/www.fotoseminario.net\/1sem\/wp-content\/uploads\/2024\/06\/grm_04a_presentacion-1536x864.jpg 1536w, https:\/\/www.fotoseminario.net\/1sem\/wp-content\/uploads\/2024\/06\/grm_04a_presentacion.jpg 1600w\" sizes=\"auto, (max-width: 1024px) 100vw, 1024px\" \/><\/figure>\n<\/div>\n\n\n\n<div class=\"wp-block-column is-layout-flow wp-block-column-is-layout-flow\">\n<figure class=\"wp-block-video alignfull\"><video controls src=\"https:\/\/www.fotoseminario.net\/1sem\/wp-content\/uploads\/2024\/06\/grm_Video_Ulisesbuenaventura_b.mp4\"><\/video><\/figure>\n<\/div>\n\n\n\n<div class=\"wp-block-column is-layout-flow wp-block-column-is-layout-flow\">\n<figure class=\"wp-block-image size-full\"><a href=\"https:\/\/www.fotoseminario.net\/1sem\/wp-content\/uploads\/2024\/06\/grm_01_presentacion.jpg\" target=\"_blank\" rel=\"noreferrer noopener\"><img loading=\"lazy\" decoding=\"async\" width=\"1600\" height=\"900\" src=\"https:\/\/www.fotoseminario.net\/1sem\/wp-content\/uploads\/2024\/06\/grm_01_presentacion.jpg\" alt=\"<i&gt;@ulises_buenaventura<\/i&gt;, M\u00e1s all\u00e1 del cuerpo, Germ\u00e1n Romero, 2023.\" class=\"wp-image-89\" srcset=\"https:\/\/www.fotoseminario.net\/1sem\/wp-content\/uploads\/2024\/06\/grm_01_presentacion.jpg 1600w, https:\/\/www.fotoseminario.net\/1sem\/wp-content\/uploads\/2024\/06\/grm_01_presentacion-300x169.jpg 300w, https:\/\/www.fotoseminario.net\/1sem\/wp-content\/uploads\/2024\/06\/grm_01_presentacion-1024x576.jpg 1024w, https:\/\/www.fotoseminario.net\/1sem\/wp-content\/uploads\/2024\/06\/grm_01_presentacion-768x432.jpg 768w, https:\/\/www.fotoseminario.net\/1sem\/wp-content\/uploads\/2024\/06\/grm_01_presentacion-1536x864.jpg 1536w\" sizes=\"auto, (max-width: 1600px) 100vw, 1600px\" \/><\/a><\/figure>\n<\/div>\n<\/div>\n<\/div>\n\n\n\n<figure class=\"wp-block-gallery has-nested-images columns-default is-cropped wp-block-gallery-1 is-layout-flex wp-block-gallery-is-layout-flex\">\n<figure data-wp-context=\"{&quot;imageId&quot;:&quot;69e5fdb4302b1&quot;}\" data-wp-interactive=\"core\/image\" data-wp-key=\"69e5fdb4302b1\" class=\"wp-block-image size-medium wp-lightbox-container\"><img loading=\"lazy\" decoding=\"async\" width=\"300\" height=\"239\" data-wp-class--hide=\"state.isContentHidden\" data-wp-class--show=\"state.isContentVisible\" data-wp-init=\"callbacks.setButtonStyles\" data-wp-on--click=\"actions.showLightbox\" data-wp-on--load=\"callbacks.setButtonStyles\" data-wp-on-window--resize=\"callbacks.setButtonStyles\" data-id=\"87\" src=\"https:\/\/www.fotoseminario.net\/1sem\/wp-content\/uploads\/2024\/06\/grm_05_presentacion-300x239.jpg\" alt=\"\" class=\"wp-image-87\" srcset=\"https:\/\/www.fotoseminario.net\/1sem\/wp-content\/uploads\/2024\/06\/grm_05_presentacion-300x239.jpg 300w, https:\/\/www.fotoseminario.net\/1sem\/wp-content\/uploads\/2024\/06\/grm_05_presentacion.jpg 711w\" sizes=\"auto, (max-width: 300px) 100vw, 300px\" \/><button\n\t\t\tclass=\"lightbox-trigger\"\n\t\t\ttype=\"button\"\n\t\t\taria-haspopup=\"dialog\"\n\t\t\taria-label=\"Agrandar\"\n\t\t\tdata-wp-init=\"callbacks.initTriggerButton\"\n\t\t\tdata-wp-on--click=\"actions.showLightbox\"\n\t\t\tdata-wp-style--right=\"state.imageButtonRight\"\n\t\t\tdata-wp-style--top=\"state.imageButtonTop\"\n\t\t>\n\t\t\t<svg xmlns=\"http:\/\/www.w3.org\/2000\/svg\" width=\"12\" height=\"12\" fill=\"none\" viewBox=\"0 0 12 12\">\n\t\t\t\t<path fill=\"#fff\" d=\"M2 0a2 2 0 0 0-2 2v2h1.5V2a.5.5 0 0 1 .5-.5h2V0H2Zm2 10.5H2a.5.5 0 0 1-.5-.5V8H0v2a2 2 0 0 0 2 2h2v-1.5ZM8 12v-1.5h2a.5.5 0 0 0 .5-.5V8H12v2a2 2 0 0 1-2 2H8Zm2-12a2 2 0 0 1 2 2v2h-1.5V2a.5.5 0 0 0-.5-.5H8V0h2Z\" \/>\n\t\t\t<\/svg>\n\t\t<\/button><\/figure>\n\n\n\n<figure data-wp-context=\"{&quot;imageId&quot;:&quot;69e5fdb4315f9&quot;}\" data-wp-interactive=\"core\/image\" data-wp-key=\"69e5fdb4315f9\" class=\"wp-block-image size-medium wp-lightbox-container\"><img loading=\"lazy\" decoding=\"async\" width=\"300\" height=\"262\" data-wp-class--hide=\"state.isContentHidden\" data-wp-class--show=\"state.isContentVisible\" data-wp-init=\"callbacks.setButtonStyles\" data-wp-on--click=\"actions.showLightbox\" data-wp-on--load=\"callbacks.setButtonStyles\" data-wp-on-window--resize=\"callbacks.setButtonStyles\" data-id=\"88\" src=\"https:\/\/www.fotoseminario.net\/1sem\/wp-content\/uploads\/2024\/06\/grm_06_presentacion-300x262.png\" alt=\"\" class=\"wp-image-88\" srcset=\"https:\/\/www.fotoseminario.net\/1sem\/wp-content\/uploads\/2024\/06\/grm_06_presentacion-300x262.png 300w, https:\/\/www.fotoseminario.net\/1sem\/wp-content\/uploads\/2024\/06\/grm_06_presentacion.png 666w\" sizes=\"auto, (max-width: 300px) 100vw, 300px\" \/><button\n\t\t\tclass=\"lightbox-trigger\"\n\t\t\ttype=\"button\"\n\t\t\taria-haspopup=\"dialog\"\n\t\t\taria-label=\"Agrandar\"\n\t\t\tdata-wp-init=\"callbacks.initTriggerButton\"\n\t\t\tdata-wp-on--click=\"actions.showLightbox\"\n\t\t\tdata-wp-style--right=\"state.imageButtonRight\"\n\t\t\tdata-wp-style--top=\"state.imageButtonTop\"\n\t\t>\n\t\t\t<svg xmlns=\"http:\/\/www.w3.org\/2000\/svg\" width=\"12\" height=\"12\" fill=\"none\" viewBox=\"0 0 12 12\">\n\t\t\t\t<path fill=\"#fff\" d=\"M2 0a2 2 0 0 0-2 2v2h1.5V2a.5.5 0 0 1 .5-.5h2V0H2Zm2 10.5H2a.5.5 0 0 1-.5-.5V8H0v2a2 2 0 0 0 2 2h2v-1.5ZM8 12v-1.5h2a.5.5 0 0 0 .5-.5V8H12v2a2 2 0 0 1-2 2H8Zm2-12a2 2 0 0 1 2 2v2h-1.5V2a.5.5 0 0 0-.5-.5H8V0h2Z\" \/>\n\t\t\t<\/svg>\n\t\t<\/button><\/figure>\n<\/figure>\n\n\n\n<div style=\"height:79px\" aria-hidden=\"true\" class=\"wp-block-spacer\"><\/div>\n\n\n\n<div style=\"height:72px\" aria-hidden=\"true\" class=\"wp-block-spacer\"><\/div>\n\n\n\n<hr class=\"wp-block-separator has-alpha-channel-opacity\"\/>\n\n\n\n<div style=\"height:70px\" aria-hidden=\"true\" class=\"wp-block-spacer\"><\/div>\n\n\n\n<p><\/p>\n","protected":false},"excerpt":{"rendered":"<p>Germ\u00e1n Romero La primera vez que conoc\u00ed a Ulises fue cuando requer\u00eda hacer un viaje. Hablamos poco, de cosas comunes: el clima, el trabajo, el tr\u00e1nsito. Regres\u00e9 a m\u00ed mismo casi de manera inmediata. El uso de un medio de transporte por aplicaci\u00f3n tiene sus conveniencias.<\/p>\n","protected":false},"author":1,"featured_media":93,"parent":0,"menu_order":0,"comment_status":"open","ping_status":"closed","template":"wp-custom-template-plantilla-personalizada","meta":{"footnotes":""},"class_list":["post-86","page","type-page","status-publish","has-post-thumbnail","hentry"],"_links":{"self":[{"href":"https:\/\/www.fotoseminario.net\/1sem\/wp-json\/wp\/v2\/pages\/86","targetHints":{"allow":["GET"]}}],"collection":[{"href":"https:\/\/www.fotoseminario.net\/1sem\/wp-json\/wp\/v2\/pages"}],"about":[{"href":"https:\/\/www.fotoseminario.net\/1sem\/wp-json\/wp\/v2\/types\/page"}],"author":[{"embeddable":true,"href":"https:\/\/www.fotoseminario.net\/1sem\/wp-json\/wp\/v2\/users\/1"}],"replies":[{"embeddable":true,"href":"https:\/\/www.fotoseminario.net\/1sem\/wp-json\/wp\/v2\/comments?post=86"}],"version-history":[{"count":23,"href":"https:\/\/www.fotoseminario.net\/1sem\/wp-json\/wp\/v2\/pages\/86\/revisions"}],"predecessor-version":[{"id":539,"href":"https:\/\/www.fotoseminario.net\/1sem\/wp-json\/wp\/v2\/pages\/86\/revisions\/539"}],"wp:featuredmedia":[{"embeddable":true,"href":"https:\/\/www.fotoseminario.net\/1sem\/wp-json\/wp\/v2\/media\/93"}],"wp:attachment":[{"href":"https:\/\/www.fotoseminario.net\/1sem\/wp-json\/wp\/v2\/media?parent=86"}],"curies":[{"name":"wp","href":"https:\/\/api.w.org\/{rel}","templated":true}]}}